{"id":38,"date":"2021-11-18T16:14:36","date_gmt":"2021-11-18T16:14:36","guid":{"rendered":"http:\/\/www.moon-springers.com\/?page_id=38"},"modified":"2024-12-11T07:59:29","modified_gmt":"2024-12-11T07:59:29","slug":"elerhetoseg-kapcsolat-moon-springers","status":"publish","type":"page","link":"https:\/\/www.moon-springers.com\/hu_hu\/elerhetoseg-kapcsolat-moon-springers\/","title":{"rendered":"Kapcsolat"},"content":{"rendered":"\n<p>Gomb\u00e1sn\u00e9 Magyar Csilla <\/p>\n\n\n\n<p>8621 Zam\u00e1rdi<\/p>\n\n\n\n<p>mobil: +36-30-5744668<\/p>\n\n\n\n<p>email: gmcsilla@gmail.com<\/p>\n\n\n\n<p>facebook: <a href=\"https:\/\/fb.me\/MoonSpringers\" target=\"_blank\" rel=\"noreferrer noopener\">https:\/\/fb.me\/MoonSpringers<\/a><\/p>\n\n\n\n<p>website: <a href=\"http:\/\/www.moon-springers.com\">www.moon-springers.com<\/a><\/p>\n\n\n\n<p><\/p>\n\n\n\n<p><em><strong>Hasznos linkek:<\/strong><\/em><\/p>\n\n\n\n<p>MEOESZ: <a href=\"https:\/\/www.kennelclub.hu\/\">https:\/\/www.kennelclub.hu\/<\/a><\/p>\n\n\n\n<p>Sp\u00e1niel Teny\u00e9szt\u0151k Egyes\u00fclete: <a href=\"https:\/\/www.facebook.com\/groups\/511884145554151\/\">https:\/\/www.facebook.com\/groups\/511884145554151\/<\/a><\/p>\n\n\n\n<p>Online nevez\u00e9s: <a href=\"https:\/\/nevezes.dogshow.hu\/\">https:\/\/nevezes.dogshow.hu\/<\/a><\/p>\n\n\n\n<p>Angol fajtaklub: <a href=\"http:\/\/www.englishspringer.org\/homepage\/\">https:\/\/englishspringer.org\/<\/a><\/p>\n\n\n\n<p><\/p>\n","protected":false},"excerpt":{"rendered":"<p>Gomb\u00e1sn\u00e9 Magyar Csilla 8621 Zam\u00e1rdi mobil: +36-30-5744668 email: gmcsilla@gmail.com facebook: https:\/\/fb.me\/MoonSpringers website: www.moon-springers.com Hasznos linkek: MEOESZ: https:\/\/www.kennelclub.hu\/ Sp\u00e1niel Teny\u00e9szt\u0151k Egyes\u00fclete: https:\/\/www.facebook.com\/groups\/511884145554151\/ Online nevez\u00e9s: https:\/\/nevezes.dogshow.hu\/ Angol&hellip;<\/p>\n","protected":false},"author":1,"featured_media":0,"parent":0,"menu_order":0,"comment_status":"closed","ping_status":"closed","template":"","meta":{"footnotes":""},"class_list":["post-38","page","type-page","status-publish","hentry","no-post-thumbnail"],"yoast_head":"<!-- This site is optimized with the Yoast SEO plugin v27.4 - https:\/\/yoast.com\/product\/yoast-seo-wordpress\/ -->\n<title>Kapcsolat - Moon-Springers<\/title>\n<meta name=\"description\" content=\"El\u00e9rhet\u0151s\u00e9g - Moon-Springers angol springer sp\u00e1niel kennel\" \/>\n<meta name=\"robots\" content=\"index, follow, max-snippet:-1, max-image-preview:large, max-video-preview:-1\" \/>\n<link rel=\"canonical\" href=\"https:\/\/www.moon-springers.com\/hu_hu\/elerhetoseg-kapcsolat-moon-springers\/\" \/>\n<meta property=\"og:locale\" content=\"hu_HU\" \/>\n<meta property=\"og:type\" content=\"article\" \/>\n<meta property=\"og:title\" content=\"Kapcsolat - Moon-Springers\" \/>\n<meta property=\"og:description\" content=\"El\u00e9rhet\u0151s\u00e9g - Moon-Springers angol springer sp\u00e1niel kennel\" \/>\n<meta property=\"og:url\" content=\"https:\/\/www.moon-springers.com\/hu_hu\/elerhetoseg-kapcsolat-moon-springers\/\" \/>\n<meta property=\"og:site_name\" content=\"Moon-Springers\" \/>\n<meta property=\"article:publisher\" content=\"https:\/\/www.facebook.com\/MoonSpringers\" \/>\n<meta property=\"article:modified_time\" content=\"2024-12-11T07:59:29+00:00\" \/>\n<meta name=\"twitter:card\" content=\"summary_large_image\" \/>\n<meta name=\"twitter:label1\" content=\"Becs\u00fclt olvas\u00e1si id\u0151\" \/>\n\t<meta name=\"twitter:data1\" content=\"1 perc\" \/>\n<script type=\"application\/ld+json\" class=\"yoast-schema-graph\">{\"@context\":\"https:\\\/\\\/schema.org\",\"@graph\":[{\"@type\":\"WebPage\",\"@id\":\"https:\\\/\\\/www.moon-springers.com\\\/elerhetoseg-kapcsolat-moon-springers\\\/\",\"url\":\"https:\\\/\\\/www.moon-springers.com\\\/elerhetoseg-kapcsolat-moon-springers\\\/\",\"name\":\"Kapcsolat - Moon-Springers\",\"isPartOf\":{\"@id\":\"https:\\\/\\\/www.moon-springers.com\\\/#website\"},\"datePublished\":\"2021-11-18T16:14:36+00:00\",\"dateModified\":\"2024-12-11T07:59:29+00:00\",\"description\":\"El\u00e9rhet\u0151s\u00e9g - Moon-Springers angol springer sp\u00e1niel kennel\",\"breadcrumb\":{\"@id\":\"https:\\\/\\\/www.moon-springers.com\\\/elerhetoseg-kapcsolat-moon-springers\\\/#breadcrumb\"},\"inLanguage\":\"hu\",\"potentialAction\":[{\"@type\":\"ReadAction\",\"target\":[\"https:\\\/\\\/www.moon-springers.com\\\/elerhetoseg-kapcsolat-moon-springers\\\/\"]}]},{\"@type\":\"BreadcrumbList\",\"@id\":\"https:\\\/\\\/www.moon-springers.com\\\/elerhetoseg-kapcsolat-moon-springers\\\/#breadcrumb\",\"itemListElement\":[{\"@type\":\"ListItem\",\"position\":1,\"name\":\"Kezd\u0151lap\",\"item\":\"https:\\\/\\\/www.moon-springers.com\\\/\"},{\"@type\":\"ListItem\",\"position\":2,\"name\":\"Kapcsolat\"}]},{\"@type\":\"WebSite\",\"@id\":\"https:\\\/\\\/www.moon-springers.com\\\/#website\",\"url\":\"https:\\\/\\\/www.moon-springers.com\\\/\",\"name\":\"Moon-Springers\",\"description\":\"Angol Springer Sp\u00e1niel Kennel\",\"publisher\":{\"@id\":\"https:\\\/\\\/www.moon-springers.com\\\/#\\\/schema\\\/person\\\/570d2cf3969689b1b80e585339cf119b\"},\"potentialAction\":[{\"@type\":\"SearchAction\",\"target\":{\"@type\":\"EntryPoint\",\"urlTemplate\":\"https:\\\/\\\/www.moon-springers.com\\\/?s={search_term_string}\"},\"query-input\":{\"@type\":\"PropertyValueSpecification\",\"valueRequired\":true,\"valueName\":\"search_term_string\"}}],\"inLanguage\":\"hu\"},{\"@type\":[\"Person\",\"Organization\"],\"@id\":\"https:\\\/\\\/www.moon-springers.com\\\/#\\\/schema\\\/person\\\/570d2cf3969689b1b80e585339cf119b\",\"name\":\"gmcsilla\",\"image\":{\"@type\":\"ImageObject\",\"inLanguage\":\"hu\",\"@id\":\"https:\\\/\\\/www.moon-springers.com\\\/wp-content\\\/uploads\\\/2021\\\/11\\\/moonspringers-logo-fbra-211111-scaled.jpg\",\"url\":\"https:\\\/\\\/www.moon-springers.com\\\/wp-content\\\/uploads\\\/2021\\\/11\\\/moonspringers-logo-fbra-211111-scaled.jpg\",\"contentUrl\":\"https:\\\/\\\/www.moon-springers.com\\\/wp-content\\\/uploads\\\/2021\\\/11\\\/moonspringers-logo-fbra-211111-scaled.jpg\",\"width\":2550,\"height\":2560,\"caption\":\"gmcsilla\"},\"logo\":{\"@id\":\"https:\\\/\\\/www.moon-springers.com\\\/wp-content\\\/uploads\\\/2021\\\/11\\\/moonspringers-logo-fbra-211111-scaled.jpg\"},\"sameAs\":[\"http:\\\/\\\/www.moon-springers.com\",\"https:\\\/\\\/www.facebook.com\\\/MoonSpringers\"]}]}<\/script>\n<!-- \/ Yoast SEO plugin. -->","yoast_head_json":{"title":"Kapcsolat - Moon-Springers","description":"El\u00e9rhet\u0151s\u00e9g - Moon-Springers angol springer sp\u00e1niel kennel","robots":{"index":"index","follow":"follow","max-snippet":"max-snippet:-1","max-image-preview":"max-image-preview:large","max-video-preview":"max-video-preview:-1"},"canonical":"https:\/\/www.moon-springers.com\/hu_hu\/elerhetoseg-kapcsolat-moon-springers\/","og_locale":"hu_HU","og_type":"article","og_title":"Kapcsolat - Moon-Springers","og_description":"El\u00e9rhet\u0151s\u00e9g - Moon-Springers angol springer sp\u00e1niel kennel","og_url":"https:\/\/www.moon-springers.com\/hu_hu\/elerhetoseg-kapcsolat-moon-springers\/","og_site_name":"Moon-Springers","article_publisher":"https:\/\/www.facebook.com\/MoonSpringers","article_modified_time":"2024-12-11T07:59:29+00:00","twitter_card":"summary_large_image","twitter_misc":{"Becs\u00fclt olvas\u00e1si id\u0151":"1 perc"},"schema":{"@context":"https:\/\/schema.org","@graph":[{"@type":"WebPage","@id":"https:\/\/www.moon-springers.com\/elerhetoseg-kapcsolat-moon-springers\/","url":"https:\/\/www.moon-springers.com\/elerhetoseg-kapcsolat-moon-springers\/","name":"Kapcsolat - Moon-Springers","isPartOf":{"@id":"https:\/\/www.moon-springers.com\/#website"},"datePublished":"2021-11-18T16:14:36+00:00","dateModified":"2024-12-11T07:59:29+00:00","description":"El\u00e9rhet\u0151s\u00e9g - Moon-Springers angol springer sp\u00e1niel kennel","breadcrumb":{"@id":"https:\/\/www.moon-springers.com\/elerhetoseg-kapcsolat-moon-springers\/#breadcrumb"},"inLanguage":"hu","potentialAction":[{"@type":"ReadAction","target":["https:\/\/www.moon-springers.com\/elerhetoseg-kapcsolat-moon-springers\/"]}]},{"@type":"BreadcrumbList","@id":"https:\/\/www.moon-springers.com\/elerhetoseg-kapcsolat-moon-springers\/#breadcrumb","itemListElement":[{"@type":"ListItem","position":1,"name":"Kezd\u0151lap","item":"https:\/\/www.moon-springers.com\/"},{"@type":"ListItem","position":2,"name":"Kapcsolat"}]},{"@type":"WebSite","@id":"https:\/\/www.moon-springers.com\/#website","url":"https:\/\/www.moon-springers.com\/","name":"Moon-Springers","description":"Angol Springer Sp\u00e1niel Kennel","publisher":{"@id":"https:\/\/www.moon-springers.com\/#\/schema\/person\/570d2cf3969689b1b80e585339cf119b"},"potentialAction":[{"@type":"SearchAction","target":{"@type":"EntryPoint","urlTemplate":"https:\/\/www.moon-springers.com\/?s={search_term_string}"},"query-input":{"@type":"PropertyValueSpecification","valueRequired":true,"valueName":"search_term_string"}}],"inLanguage":"hu"},{"@type":["Person","Organization"],"@id":"https:\/\/www.moon-springers.com\/#\/schema\/person\/570d2cf3969689b1b80e585339cf119b","name":"gmcsilla","image":{"@type":"ImageObject","inLanguage":"hu","@id":"https:\/\/www.moon-springers.com\/wp-content\/uploads\/2021\/11\/moonspringers-logo-fbra-211111-scaled.jpg","url":"https:\/\/www.moon-springers.com\/wp-content\/uploads\/2021\/11\/moonspringers-logo-fbra-211111-scaled.jpg","contentUrl":"https:\/\/www.moon-springers.com\/wp-content\/uploads\/2021\/11\/moonspringers-logo-fbra-211111-scaled.jpg","width":2550,"height":2560,"caption":"gmcsilla"},"logo":{"@id":"https:\/\/www.moon-springers.com\/wp-content\/uploads\/2021\/11\/moonspringers-logo-fbra-211111-scaled.jpg"},"sameAs":["http:\/\/www.moon-springers.com","https:\/\/www.facebook.com\/MoonSpringers"]}]}},"_links":{"self":[{"href":"https:\/\/www.moon-springers.com\/hu_hu\/wp-json\/wp\/v2\/pages\/38","targetHints":{"allow":["GET"]}}],"collection":[{"href":"https:\/\/www.moon-springers.com\/hu_hu\/wp-json\/wp\/v2\/pages"}],"about":[{"href":"https:\/\/www.moon-springers.com\/hu_hu\/wp-json\/wp\/v2\/types\/page"}],"author":[{"embeddable":true,"href":"https:\/\/www.moon-springers.com\/hu_hu\/wp-json\/wp\/v2\/users\/1"}],"replies":[{"embeddable":true,"href":"https:\/\/www.moon-springers.com\/hu_hu\/wp-json\/wp\/v2\/comments?post=38"}],"version-history":[{"count":10,"href":"https:\/\/www.moon-springers.com\/hu_hu\/wp-json\/wp\/v2\/pages\/38\/revisions"}],"predecessor-version":[{"id":809,"href":"https:\/\/www.moon-springers.com\/hu_hu\/wp-json\/wp\/v2\/pages\/38\/revisions\/809"}],"wp:attachment":[{"href":"https:\/\/www.moon-springers.com\/hu_hu\/wp-json\/wp\/v2\/media?parent=38"}],"curies":[{"name":"wp","href":"https:\/\/api.w.org\/{rel}","templated":true}]}}