{"id":104,"date":"2021-11-25T08:21:45","date_gmt":"2021-11-25T08:21:45","guid":{"rendered":"https:\/\/www.moon-springers.com\/?page_id=104"},"modified":"2024-12-11T18:55:50","modified_gmt":"2024-12-11T18:55:50","slug":"angol-springer-spaniel-kulleme","status":"publish","type":"page","link":"https:\/\/www.moon-springers.com\/hu_hu\/angol-springer-spaniel-kulleme\/","title":{"rendered":"K\u00fclleme"},"content":{"rendered":"<div class=\"wp-block-image is-resized\">\n<figure class=\"aligncenter size-full\"><img loading=\"lazy\" decoding=\"async\" width=\"1000\" height=\"763\" src=\"https:\/\/www.moon-springers.com\/wp-content\/uploads\/2024\/12\/Komarom-2021-1.jpg\" alt=\"\" class=\"wp-image-761\" srcset=\"https:\/\/www.moon-springers.com\/wp-content\/uploads\/2024\/12\/Komarom-2021-1.jpg 1000w, https:\/\/www.moon-springers.com\/wp-content\/uploads\/2024\/12\/Komarom-2021-1-300x229.jpg 300w, https:\/\/www.moon-springers.com\/wp-content\/uploads\/2024\/12\/Komarom-2021-1-768x586.jpg 768w, https:\/\/www.moon-springers.com\/wp-content\/uploads\/2024\/12\/Komarom-2021-1-16x12.jpg 16w, https:\/\/www.moon-springers.com\/wp-content\/uploads\/2024\/12\/Komarom-2021-1-490x375.jpg 490w\" sizes=\"auto, (max-width: 1000px) 100vw, 1000px\" \/><\/figure>\n<\/div>\n\n\n<p>Az angol springer sp\u00e1niel egy k\u00f6zepes termet\u0171, szimmetrikus fel\u00e9p\u00edt\u00e9s\u0171, kompakt, er\u0151s, akt\u00edv kutya, hossz\u00fa, dekorat\u00edv, \u00e1m j\u00f3l gondozhat\u00f3 sz\u0151rzettel. Az angol sz\u00e1razf\u00f6ldi sp\u00e1nielek k\u00f6z\u00fcl a leghosszabb l\u00e1b\u00fa \u00e9s a legtipikusabb megjelen\u00e9s\u0171. Nem lehet olyan, mint egy nagyra n\u0151tt cocker \u2013 a cocker n\u00e9gyzetess\u00e9g\u00e9vel szemben a springer egy nagyon kicsit hosszabb, de \u00f6sszhat\u00e1s\u00e1ban kompakt kell legyen. Fel\u00e9p\u00edt\u00e9s\u00e9ben j\u00f3l mutatja a kitart\u00f3 munk\u00e1ra, vad\u00e1szatra, fut\u00e1sra, ugr\u00e1sra val\u00f3 k\u00e9pess\u00e9get, j\u00f3l sz\u00f6gellt els\u0151 \u00e9s h\u00e1ts\u00f3 v\u00e9gtagokkal, er\u0151s, min\u0151s\u00e9gi csontozattal, kis t\u00f6m\u00f6tt mancsokkal, m\u00e9ly mellkassal, j\u00f3l \u00edvelt bord\u00e1kkal, er\u0151s \u00edz\u00fcletekkel. A csontozat er\u0151s, de nem lehet durva, nagyon fontos, hogy a springer \u00f6sszhat\u00e1s\u00e1ban eleganci\u00e1t \u00e9s nemess\u00e9get t\u00fckr\u00f6zz\u00f6n.<\/p>\n\n\n\n<p>Feje, tekintete jellegzetes \u2013a mandulav\u00e1g\u00e1s\u00fa, barna szemek kedves, gyeng\u00e9d, odaad\u00f3, intelligens \u00e9s ragaszkod\u00f3 term\u00e9szet\u00e9r\u0151l \u00e1rulkodnak. A szem k\u00f6zepesen nagy, mandula form\u00e1j\u00fa, se nem kid\u00fclled\u0151, se nem t\u00fal m\u00e9lyen \u00fcl\u0151, a k\u00f6t\u0151h\u00e1rtya nem l\u00e1tsz\u00f3dhat. Sz\u00edne s\u00f6t\u00e9t mogyor\u00f3barna \u2013 gyakori, \u00e1m nem k\u00edv\u00e1natos a vil\u00e1gos szem, ami a m\u00e1j sz\u00edn g\u00e9nj\u00e9vel van \u00f6sszef\u00fcgg\u00e9sben, de a tekintet kedves kifejez\u00e9s\u00e9b\u0151l von le. A fej hangs\u00falyozottan nem cocker-fej, meglehet\u0151sen sz\u00e9les, kiss\u00e9 dombor\u00fa kopony\u00e1val, vele egyens\u00falyban l\u00e9v\u0151 arcorri r\u00e9sszel, amely kell\u0151en m\u00e9ly \u00e9s sz\u00e9les, j\u00f3l fejlett orrny\u00edl\u00e1sokkal. A k\u00e9t szem k\u00f6z\u00f6tt a homlok hosszanti ir\u00e1ny\u00e1ban egy fokozatosan cs\u00f6kken\u0151 m\u00e9lys\u00e9g\u0171 bar\u00e1zda fut h\u00e1tra a nyakszirtcsont ir\u00e1ny\u00e1ba. A nyakszirtcsont nem kifejezett. &nbsp;Az arci r\u00e9sz a szemek alatti finoman rajzolt, ami hozz\u00e1j\u00e1rul a fej nemess\u00e9g\u00e9hez \u00e9s min\u0151s\u00e9g\u00e9hez. A t\u00fal sz\u00e9les, t\u00fal durva koponya, \u00e9s a \u201et\u00fal sok ajak \u00e9s lebernyeg\u201d nem eleg\u00e1ns, m\u00edg a keskeny, t\u00fal finom koponya nem t\u00edpusos.<\/p>\n\n\n<div class=\"wp-block-image is-resized\">\n<figure class=\"aligncenter size-large\"><img loading=\"lazy\" decoding=\"async\" width=\"767\" height=\"1024\" src=\"https:\/\/www.moon-springers.com\/wp-content\/uploads\/2021\/12\/Egy-gyonyoru-springer-fej-Trollanges-SHE-767x1024.jpg\" alt=\"\" class=\"wp-image-193\" style=\"width:543px;height:auto\" srcset=\"https:\/\/www.moon-springers.com\/wp-content\/uploads\/2021\/12\/Egy-gyonyoru-springer-fej-Trollanges-SHE-767x1024.jpg 767w, https:\/\/www.moon-springers.com\/wp-content\/uploads\/2021\/12\/Egy-gyonyoru-springer-fej-Trollanges-SHE-225x300.jpg 225w, https:\/\/www.moon-springers.com\/wp-content\/uploads\/2021\/12\/Egy-gyonyoru-springer-fej-Trollanges-SHE-768x1026.jpg 768w, https:\/\/www.moon-springers.com\/wp-content\/uploads\/2021\/12\/Egy-gyonyoru-springer-fej-Trollanges-SHE-1150x1536.jpg 1150w, https:\/\/www.moon-springers.com\/wp-content\/uploads\/2021\/12\/Egy-gyonyoru-springer-fej-Trollanges-SHE-1533x2048.jpg 1533w, https:\/\/www.moon-springers.com\/wp-content\/uploads\/2021\/12\/Egy-gyonyoru-springer-fej-Trollanges-SHE-9x12.jpg 9w, https:\/\/www.moon-springers.com\/wp-content\/uploads\/2021\/12\/Egy-gyonyoru-springer-fej-Trollanges-SHE-scaled.jpg 1916w\" sizes=\"auto, (max-width: 767px) 100vw, 767px\" \/><figcaption class=\"wp-element-caption\">Egy gy\u00f6ny\u00f6r\u0171, t\u00edpusos fej &#8211; Troll\u00e4ngens SHE<\/figcaption><\/figure>\n<\/div>\n\n\n<p>A f\u00fcl lebernyeges, j\u00f3 hossz\u00fas\u00e1g\u00fa \u00e9s sz\u00e9less\u00e9g\u0171, fejhez simul\u00f3, a szem magass\u00e1g\u00e1ban t\u0171z\u00f6tt, hossz\u00fa sz\u0151rzettel sz\u00e9pen fedett. Az \u00e1llkapocs er\u0151s, t\u00f6k\u00e9letes, szab\u00e1lyos oll\u00f3s harap\u00e1ssal, amelyn\u00e9l a fels\u0151 metsz\u0151fogsor k\u00f6ztes h\u00e9zag fed \u00e1t az als\u00f3n \u00e9s a fogak mer\u0151legesen \u00e1llnak az \u00e1llkapocsban. A nyak j\u00f3 hossz\u00fas\u00e1g\u00fa, er\u0151s \u00e9s izmos, nem lebernyeges, kiss\u00e9 \u00edvelt, a fej fel\u00e9 v\u00e9konyodik.A mells\u0151 l\u00e1bak egyenesek \u00e9s er\u0151sek, a v\u00e1llak lejt\u0151sek \u00e9s kell\u0151en d\u0151ltek.&nbsp; A k\u00f6ny\u00f6k j\u00f3l a testhez simul. Er\u0151s, hajl\u00e9kony els\u0151 l\u00e1bk\u00f6z\u00e9p.&nbsp; A test er\u0151s, \u201ese nem t\u00fal hossz\u00fa, se nem t\u00fal r\u00f6vid\u201d. A h\u00e1tvonal optim\u00e1lisan egyenes \u00e9s k\u00f6zel v\u00edzszintes. M\u00e9ly \u00e9s j\u00f3l fejlett mellkas, j\u00f3l \u00edvelt bord\u00e1k, izmos, er\u0151s, enyh\u00e9n \u00edvelt, j\u00f3l k\u00f6t\u00f6tt \u00e1gy\u00e9k. A h\u00e1ts\u00f3 l\u00e1bakon a cs\u00e1nk alacsony, a t\u00e9rd \u00e9s a cs\u00e1nk m\u00e9rs\u00e9kelten sz\u00f6gellt. A comb sz\u00e9les, izmos, j\u00f3l fejlett. A durva cs\u00e1nk nem k\u00edv\u00e1natos.<\/p>\n\n\n\n<p>A mancsok feszesek, t\u00f6m\u00f6rek, kerekdedek, er\u0151s talpp\u00e1rn\u00e1kkal (\u201emacskamancs\u201d).<\/p>\n\n\n\n<p>A farok alacsonyan t\u0171z\u00f6tt, soha nem a h\u00e1tvonal felett hordva. J\u00f3l z\u00e1szl\u00f3zott, eleven farokj\u00e1t\u00e9kkal. R\u00e9gen csonkolt\u00e1k, Eur\u00f3p\u00e1ban ez ma m\u00e1r nem megengedett, de az amerikai springereknek m\u00e9g ma is csonkolt a farka.<\/p>\n\n\n\n<p>A mozg\u00e1s k\u00fcl\u00f6nleges, nagyon saj\u00e1tos \u00e9s meghat\u00e1roz\u00f3 fajtajelleg: k\u00f6nnyed, t\u00e9rt\u00f6lel\u0151 \u00fcget\u00e9s, melynek sor\u00e1n a mells\u0151 l\u00e1bak v\u00e1llb\u00f3l szabadon egyenesen el\u0151re lend\u00fclnek \u00e9s egy\u00fattal a mancsok k\u00f6nnyed\u00e9n, szabadon, el\u0151re dob\u00f3dnak, k\u00f6zben pedig a h\u00e1ts\u00f3 l\u00e1b \u00e9s a cs\u00e1nk m\u00e9lyen a test al\u00e1 l\u00e9pve, egyvonalban az els\u0151 l\u00e1bakkal hajt el\u0151re. Ez a tipikus mozg\u00e1s egy fontos meg\u0151rzend\u0151 \u00e9rt\u00e9k, amelyet viszonylag kev\u00e9s egyed mutat teljes t\u00f6k\u00e9letess\u00e9g\u00e9ben. Gyakran a t\u00fal sz\u00e9les mellkas miatt nem tud a mells\u0151 v\u00e9gtag egyenesen el\u0151re lend\u00fclni. (A fajt\u00e1ra jellemz\u0151 m\u00e9g, hogy lass\u00fa temp\u00f3ban poroszk\u00e1l &#8211; ezt a standard is megengedi, de ki\u00e1ll\u00edt\u00e1son nem szeretik.)<\/p>\n\n\n\n<p>A springer sz\u0151rzete z\u00e1rt, egyenes, az id\u0151j\u00e1r\u00e1snak ellen\u00e1ll\u00f3, de nem durva. M\u00e9rs\u00e9kelten z\u00e1szl\u00f3s a f\u00fcl\u00f6n, az el\u00fcls\u0151- \u00e9s h\u00e1tuls\u00f3 v\u00e9gtagokon \u00e9s a testen. Sz\u00ednei: (m\u00e1j)barna-feh\u00e9r, fekete-feh\u00e9r, vagy valamelyik ezek k\u00f6z\u00fcl cserv\u00f6r\u00f6s jegyekkel.<\/p>\n\n\n\n<p>Marmagass\u00e1ga megk\u00f6zel\u00edt\u0151leg 51 cm. (A szuk\u00e1k kicsit kisebbek, a kanok nagyobbak, de a standardban csak a k\u00f6z\u00e9p\u00e9rt\u00e9k van megadva.)<\/p>\n\n\n\n<figure class=\"wp-block-image size-full\"><img loading=\"lazy\" decoding=\"async\" width=\"1000\" height=\"667\" src=\"https:\/\/www.moon-springers.com\/wp-content\/uploads\/2024\/12\/Rori-Bratislava-20240121-fut.jpg\" alt=\"\" class=\"wp-image-687\" srcset=\"https:\/\/www.moon-springers.com\/wp-content\/uploads\/2024\/12\/Rori-Bratislava-20240121-fut.jpg 1000w, https:\/\/www.moon-springers.com\/wp-content\/uploads\/2024\/12\/Rori-Bratislava-20240121-fut-300x200.jpg 300w, https:\/\/www.moon-springers.com\/wp-content\/uploads\/2024\/12\/Rori-Bratislava-20240121-fut-768x512.jpg 768w, https:\/\/www.moon-springers.com\/wp-content\/uploads\/2024\/12\/Rori-Bratislava-20240121-fut-18x12.jpg 18w\" sizes=\"auto, (max-width: 1000px) 100vw, 1000px\" \/><\/figure>\n\n\n\n<p><a href=\"https:\/\/www.moon-springers.com\/hu_hu\/angol-springer-spaniel-jelleme\/\">Jelleme<\/a><\/p>\n","protected":false},"excerpt":{"rendered":"<p>Az angol springer sp\u00e1niel egy k\u00f6zepes termet\u0171, szimmetrikus fel\u00e9p\u00edt\u00e9s\u0171, kompakt, er\u0151s, akt\u00edv kutya, hossz\u00fa, dekorat\u00edv, \u00e1m j\u00f3l gondozhat\u00f3 sz\u0151rzettel. Az angol sz\u00e1razf\u00f6ldi sp\u00e1nielek k\u00f6z\u00fcl a&hellip;<\/p>\n","protected":false},"author":1,"featured_media":0,"parent":0,"menu_order":0,"comment_status":"closed","ping_status":"closed","template":"","meta":{"footnotes":""},"class_list":["post-104","page","type-page","status-publish","hentry","no-post-thumbnail"],"yoast_head":"<!-- This site is optimized with the Yoast SEO plugin v27.4 - https:\/\/yoast.com\/product\/yoast-seo-wordpress\/ -->\n<title>K\u00fclleme - Moon-Springers<\/title>\n<meta name=\"description\" content=\"Az angol springer sp\u00e1niel fajta bemutat\u00e1sa - k\u00fcllem\" \/>\n<meta name=\"robots\" content=\"index, follow, max-snippet:-1, max-image-preview:large, max-video-preview:-1\" \/>\n<link rel=\"canonical\" href=\"https:\/\/www.moon-springers.com\/hu_hu\/angol-springer-spaniel-kulleme\/\" \/>\n<meta property=\"og:locale\" content=\"hu_HU\" \/>\n<meta property=\"og:type\" content=\"article\" \/>\n<meta property=\"og:title\" content=\"K\u00fclleme - Moon-Springers\" \/>\n<meta property=\"og:description\" content=\"Az angol springer sp\u00e1niel fajta bemutat\u00e1sa - k\u00fcllem\" \/>\n<meta property=\"og:url\" content=\"https:\/\/www.moon-springers.com\/hu_hu\/angol-springer-spaniel-kulleme\/\" \/>\n<meta property=\"og:site_name\" content=\"Moon-Springers\" \/>\n<meta property=\"article:publisher\" content=\"https:\/\/www.facebook.com\/MoonSpringers\" \/>\n<meta property=\"article:modified_time\" content=\"2024-12-11T18:55:50+00:00\" \/>\n<meta property=\"og:image\" content=\"https:\/\/www.moon-springers.com\/wp-content\/uploads\/2024\/12\/Komarom-2021-1.jpg\" \/>\n\t<meta property=\"og:image:width\" content=\"1000\" \/>\n\t<meta property=\"og:image:height\" content=\"763\" \/>\n\t<meta property=\"og:image:type\" content=\"image\/jpeg\" \/>\n<meta name=\"twitter:card\" content=\"summary_large_image\" \/>\n<meta name=\"twitter:label1\" content=\"Becs\u00fclt olvas\u00e1si id\u0151\" \/>\n\t<meta name=\"twitter:data1\" content=\"4 perc\" \/>\n<script type=\"application\/ld+json\" class=\"yoast-schema-graph\">{\"@context\":\"https:\\\/\\\/schema.org\",\"@graph\":[{\"@type\":\"WebPage\",\"@id\":\"https:\\\/\\\/www.moon-springers.com\\\/angol-springer-spaniel-kulleme\\\/\",\"url\":\"https:\\\/\\\/www.moon-springers.com\\\/angol-springer-spaniel-kulleme\\\/\",\"name\":\"K\u00fclleme - Moon-Springers\",\"isPartOf\":{\"@id\":\"https:\\\/\\\/www.moon-springers.com\\\/#website\"},\"primaryImageOfPage\":{\"@id\":\"https:\\\/\\\/www.moon-springers.com\\\/angol-springer-spaniel-kulleme\\\/#primaryimage\"},\"image\":{\"@id\":\"https:\\\/\\\/www.moon-springers.com\\\/angol-springer-spaniel-kulleme\\\/#primaryimage\"},\"thumbnailUrl\":\"https:\\\/\\\/www.moon-springers.com\\\/wp-content\\\/uploads\\\/2024\\\/12\\\/Komarom-2021-1.jpg\",\"datePublished\":\"2021-11-25T08:21:45+00:00\",\"dateModified\":\"2024-12-11T18:55:50+00:00\",\"description\":\"Az angol springer sp\u00e1niel fajta bemutat\u00e1sa - k\u00fcllem\",\"breadcrumb\":{\"@id\":\"https:\\\/\\\/www.moon-springers.com\\\/angol-springer-spaniel-kulleme\\\/#breadcrumb\"},\"inLanguage\":\"hu\",\"potentialAction\":[{\"@type\":\"ReadAction\",\"target\":[\"https:\\\/\\\/www.moon-springers.com\\\/angol-springer-spaniel-kulleme\\\/\"]}]},{\"@type\":\"ImageObject\",\"inLanguage\":\"hu\",\"@id\":\"https:\\\/\\\/www.moon-springers.com\\\/angol-springer-spaniel-kulleme\\\/#primaryimage\",\"url\":\"https:\\\/\\\/www.moon-springers.com\\\/wp-content\\\/uploads\\\/2024\\\/12\\\/Komarom-2021-1.jpg\",\"contentUrl\":\"https:\\\/\\\/www.moon-springers.com\\\/wp-content\\\/uploads\\\/2024\\\/12\\\/Komarom-2021-1.jpg\"},{\"@type\":\"BreadcrumbList\",\"@id\":\"https:\\\/\\\/www.moon-springers.com\\\/angol-springer-spaniel-kulleme\\\/#breadcrumb\",\"itemListElement\":[{\"@type\":\"ListItem\",\"position\":1,\"name\":\"Kezd\u0151lap\",\"item\":\"https:\\\/\\\/www.moon-springers.com\\\/\"},{\"@type\":\"ListItem\",\"position\":2,\"name\":\"K\u00fclleme\"}]},{\"@type\":\"WebSite\",\"@id\":\"https:\\\/\\\/www.moon-springers.com\\\/#website\",\"url\":\"https:\\\/\\\/www.moon-springers.com\\\/\",\"name\":\"Moon-Springers\",\"description\":\"Angol Springer Sp\u00e1niel Kennel\",\"publisher\":{\"@id\":\"https:\\\/\\\/www.moon-springers.com\\\/#\\\/schema\\\/person\\\/570d2cf3969689b1b80e585339cf119b\"},\"potentialAction\":[{\"@type\":\"SearchAction\",\"target\":{\"@type\":\"EntryPoint\",\"urlTemplate\":\"https:\\\/\\\/www.moon-springers.com\\\/?s={search_term_string}\"},\"query-input\":{\"@type\":\"PropertyValueSpecification\",\"valueRequired\":true,\"valueName\":\"search_term_string\"}}],\"inLanguage\":\"hu\"},{\"@type\":[\"Person\",\"Organization\"],\"@id\":\"https:\\\/\\\/www.moon-springers.com\\\/#\\\/schema\\\/person\\\/570d2cf3969689b1b80e585339cf119b\",\"name\":\"gmcsilla\",\"image\":{\"@type\":\"ImageObject\",\"inLanguage\":\"hu\",\"@id\":\"https:\\\/\\\/www.moon-springers.com\\\/wp-content\\\/uploads\\\/2021\\\/11\\\/moonspringers-logo-fbra-211111-scaled.jpg\",\"url\":\"https:\\\/\\\/www.moon-springers.com\\\/wp-content\\\/uploads\\\/2021\\\/11\\\/moonspringers-logo-fbra-211111-scaled.jpg\",\"contentUrl\":\"https:\\\/\\\/www.moon-springers.com\\\/wp-content\\\/uploads\\\/2021\\\/11\\\/moonspringers-logo-fbra-211111-scaled.jpg\",\"width\":2550,\"height\":2560,\"caption\":\"gmcsilla\"},\"logo\":{\"@id\":\"https:\\\/\\\/www.moon-springers.com\\\/wp-content\\\/uploads\\\/2021\\\/11\\\/moonspringers-logo-fbra-211111-scaled.jpg\"},\"sameAs\":[\"http:\\\/\\\/www.moon-springers.com\",\"https:\\\/\\\/www.facebook.com\\\/MoonSpringers\"]}]}<\/script>\n<!-- \/ Yoast SEO plugin. -->","yoast_head_json":{"title":"K\u00fclleme - Moon-Springers","description":"Az angol springer sp\u00e1niel fajta bemutat\u00e1sa - k\u00fcllem","robots":{"index":"index","follow":"follow","max-snippet":"max-snippet:-1","max-image-preview":"max-image-preview:large","max-video-preview":"max-video-preview:-1"},"canonical":"https:\/\/www.moon-springers.com\/hu_hu\/angol-springer-spaniel-kulleme\/","og_locale":"hu_HU","og_type":"article","og_title":"K\u00fclleme - Moon-Springers","og_description":"Az angol springer sp\u00e1niel fajta bemutat\u00e1sa - k\u00fcllem","og_url":"https:\/\/www.moon-springers.com\/hu_hu\/angol-springer-spaniel-kulleme\/","og_site_name":"Moon-Springers","article_publisher":"https:\/\/www.facebook.com\/MoonSpringers","article_modified_time":"2024-12-11T18:55:50+00:00","og_image":[{"width":1000,"height":763,"url":"https:\/\/www.moon-springers.com\/wp-content\/uploads\/2024\/12\/Komarom-2021-1.jpg","type":"image\/jpeg"}],"twitter_card":"summary_large_image","twitter_misc":{"Becs\u00fclt olvas\u00e1si id\u0151":"4 perc"},"schema":{"@context":"https:\/\/schema.org","@graph":[{"@type":"WebPage","@id":"https:\/\/www.moon-springers.com\/angol-springer-spaniel-kulleme\/","url":"https:\/\/www.moon-springers.com\/angol-springer-spaniel-kulleme\/","name":"K\u00fclleme - Moon-Springers","isPartOf":{"@id":"https:\/\/www.moon-springers.com\/#website"},"primaryImageOfPage":{"@id":"https:\/\/www.moon-springers.com\/angol-springer-spaniel-kulleme\/#primaryimage"},"image":{"@id":"https:\/\/www.moon-springers.com\/angol-springer-spaniel-kulleme\/#primaryimage"},"thumbnailUrl":"https:\/\/www.moon-springers.com\/wp-content\/uploads\/2024\/12\/Komarom-2021-1.jpg","datePublished":"2021-11-25T08:21:45+00:00","dateModified":"2024-12-11T18:55:50+00:00","description":"Az angol springer sp\u00e1niel fajta bemutat\u00e1sa - k\u00fcllem","breadcrumb":{"@id":"https:\/\/www.moon-springers.com\/angol-springer-spaniel-kulleme\/#breadcrumb"},"inLanguage":"hu","potentialAction":[{"@type":"ReadAction","target":["https:\/\/www.moon-springers.com\/angol-springer-spaniel-kulleme\/"]}]},{"@type":"ImageObject","inLanguage":"hu","@id":"https:\/\/www.moon-springers.com\/angol-springer-spaniel-kulleme\/#primaryimage","url":"https:\/\/www.moon-springers.com\/wp-content\/uploads\/2024\/12\/Komarom-2021-1.jpg","contentUrl":"https:\/\/www.moon-springers.com\/wp-content\/uploads\/2024\/12\/Komarom-2021-1.jpg"},{"@type":"BreadcrumbList","@id":"https:\/\/www.moon-springers.com\/angol-springer-spaniel-kulleme\/#breadcrumb","itemListElement":[{"@type":"ListItem","position":1,"name":"Kezd\u0151lap","item":"https:\/\/www.moon-springers.com\/"},{"@type":"ListItem","position":2,"name":"K\u00fclleme"}]},{"@type":"WebSite","@id":"https:\/\/www.moon-springers.com\/#website","url":"https:\/\/www.moon-springers.com\/","name":"Moon-Springers","description":"Angol Springer Sp\u00e1niel Kennel","publisher":{"@id":"https:\/\/www.moon-springers.com\/#\/schema\/person\/570d2cf3969689b1b80e585339cf119b"},"potentialAction":[{"@type":"SearchAction","target":{"@type":"EntryPoint","urlTemplate":"https:\/\/www.moon-springers.com\/?s={search_term_string}"},"query-input":{"@type":"PropertyValueSpecification","valueRequired":true,"valueName":"search_term_string"}}],"inLanguage":"hu"},{"@type":["Person","Organization"],"@id":"https:\/\/www.moon-springers.com\/#\/schema\/person\/570d2cf3969689b1b80e585339cf119b","name":"gmcsilla","image":{"@type":"ImageObject","inLanguage":"hu","@id":"https:\/\/www.moon-springers.com\/wp-content\/uploads\/2021\/11\/moonspringers-logo-fbra-211111-scaled.jpg","url":"https:\/\/www.moon-springers.com\/wp-content\/uploads\/2021\/11\/moonspringers-logo-fbra-211111-scaled.jpg","contentUrl":"https:\/\/www.moon-springers.com\/wp-content\/uploads\/2021\/11\/moonspringers-logo-fbra-211111-scaled.jpg","width":2550,"height":2560,"caption":"gmcsilla"},"logo":{"@id":"https:\/\/www.moon-springers.com\/wp-content\/uploads\/2021\/11\/moonspringers-logo-fbra-211111-scaled.jpg"},"sameAs":["http:\/\/www.moon-springers.com","https:\/\/www.facebook.com\/MoonSpringers"]}]}},"_links":{"self":[{"href":"https:\/\/www.moon-springers.com\/hu_hu\/wp-json\/wp\/v2\/pages\/104","targetHints":{"allow":["GET"]}}],"collection":[{"href":"https:\/\/www.moon-springers.com\/hu_hu\/wp-json\/wp\/v2\/pages"}],"about":[{"href":"https:\/\/www.moon-springers.com\/hu_hu\/wp-json\/wp\/v2\/types\/page"}],"author":[{"embeddable":true,"href":"https:\/\/www.moon-springers.com\/hu_hu\/wp-json\/wp\/v2\/users\/1"}],"replies":[{"embeddable":true,"href":"https:\/\/www.moon-springers.com\/hu_hu\/wp-json\/wp\/v2\/comments?post=104"}],"version-history":[{"count":11,"href":"https:\/\/www.moon-springers.com\/hu_hu\/wp-json\/wp\/v2\/pages\/104\/revisions"}],"predecessor-version":[{"id":830,"href":"https:\/\/www.moon-springers.com\/hu_hu\/wp-json\/wp\/v2\/pages\/104\/revisions\/830"}],"wp:attachment":[{"href":"https:\/\/www.moon-springers.com\/hu_hu\/wp-json\/wp\/v2\/media?parent=104"}],"curies":[{"name":"wp","href":"https:\/\/api.w.org\/{rel}","templated":true}]}}