{"id":525,"date":"2024-11-19T22:01:23","date_gmt":"2024-11-19T22:01:23","guid":{"rendered":"https:\/\/www.moon-springers.com\/?page_id=525"},"modified":"2025-01-11T12:25:58","modified_gmt":"2025-01-11T12:25:58","slug":"tervezett-alom","status":"publish","type":"page","link":"https:\/\/www.moon-springers.com\/en\/tervezett-alom\/","title":{"rendered":"Planned litter"},"content":{"rendered":"<figure class=\"wp-block-image size-large\"><img loading=\"lazy\" decoding=\"async\" width=\"1024\" height=\"763\" src=\"https:\/\/www.moon-springers.com\/wp-content\/uploads\/2025\/01\/alombejelento-Otis-Luna-20250108-honlapra-kisfelbontas-1024x763.jpg\" alt=\"\" class=\"wp-image-911\" srcset=\"https:\/\/www.moon-springers.com\/wp-content\/uploads\/2025\/01\/alombejelento-Otis-Luna-20250108-honlapra-kisfelbontas-1024x763.jpg 1024w, https:\/\/www.moon-springers.com\/wp-content\/uploads\/2025\/01\/alombejelento-Otis-Luna-20250108-honlapra-kisfelbontas-300x223.jpg 300w, https:\/\/www.moon-springers.com\/wp-content\/uploads\/2025\/01\/alombejelento-Otis-Luna-20250108-honlapra-kisfelbontas-768x572.jpg 768w, https:\/\/www.moon-springers.com\/wp-content\/uploads\/2025\/01\/alombejelento-Otis-Luna-20250108-honlapra-kisfelbontas-1536x1144.jpg 1536w, https:\/\/www.moon-springers.com\/wp-content\/uploads\/2025\/01\/alombejelento-Otis-Luna-20250108-honlapra-kisfelbontas-16x12.jpg 16w, https:\/\/www.moon-springers.com\/wp-content\/uploads\/2025\/01\/alombejelento-Otis-Luna-20250108-honlapra-kisfelbontas.jpg 1850w\" sizes=\"auto, (max-width: 1024px) 100vw, 1024px\" \/><\/figure>\n\n\n\n<p>A few reservation is still possible. +36305744668   gmcsilla@gmail.com<\/p>","protected":false},"excerpt":{"rendered":"<p>K\u00f6lyk\u00f6kre el\u0151jegyz\u00e9st korl\u00e1tozott sz\u00e1mban m\u00e9g felvesz\u00fcnk. +36305744668 gmcsilla@gmail.com<\/p>","protected":false},"author":1,"featured_media":0,"parent":0,"menu_order":0,"comment_status":"closed","ping_status":"closed","template":"","meta":{"footnotes":""},"class_list":["post-525","page","type-page","status-publish","hentry","no-post-thumbnail"],"yoast_head":"<!-- This site is optimized with the Yoast SEO plugin v27.4 - https:\/\/yoast.com\/product\/yoast-seo-wordpress\/ -->\n<title>Tervezett alom - Moon-Springers<\/title>\n<meta name=\"robots\" content=\"index, follow, max-snippet:-1, max-image-preview:large, max-video-preview:-1\" \/>\n<link rel=\"canonical\" href=\"https:\/\/www.moon-springers.com\/en\/tervezett-alom\/\" \/>\n<meta property=\"og:locale\" content=\"en_GB\" \/>\n<meta property=\"og:type\" content=\"article\" \/>\n<meta property=\"og:title\" content=\"Tervezett alom - Moon-Springers\" \/>\n<meta property=\"og:description\" content=\"K\u00f6lyk\u00f6kre el\u0151jegyz\u00e9st korl\u00e1tozott sz\u00e1mban m\u00e9g felvesz\u00fcnk. +36305744668 gmcsilla@gmail.com\" \/>\n<meta property=\"og:url\" content=\"https:\/\/www.moon-springers.com\/en\/tervezett-alom\/\" \/>\n<meta property=\"og:site_name\" content=\"Moon-Springers\" \/>\n<meta property=\"article:publisher\" content=\"https:\/\/www.facebook.com\/MoonSpringers\" \/>\n<meta property=\"article:modified_time\" content=\"2025-01-11T12:25:58+00:00\" \/>\n<meta property=\"og:image\" content=\"https:\/\/www.moon-springers.com\/wp-content\/uploads\/2025\/01\/alombejelento-Otis-Luna-20250108-honlapra-kisfelbontas.jpg\" \/>\n\t<meta property=\"og:image:width\" content=\"1850\" \/>\n\t<meta property=\"og:image:height\" content=\"1378\" \/>\n\t<meta property=\"og:image:type\" content=\"image\/jpeg\" \/>\n<meta name=\"twitter:card\" content=\"summary_large_image\" \/>\n<meta name=\"twitter:label1\" content=\"Estimated reading time\" \/>\n\t<meta name=\"twitter:data1\" content=\"1 minute\" \/>\n<script type=\"application\/ld+json\" class=\"yoast-schema-graph\">{\"@context\":\"https:\\\/\\\/schema.org\",\"@graph\":[{\"@type\":\"WebPage\",\"@id\":\"https:\\\/\\\/www.moon-springers.com\\\/tervezett-alom\\\/\",\"url\":\"https:\\\/\\\/www.moon-springers.com\\\/tervezett-alom\\\/\",\"name\":\"Tervezett alom - Moon-Springers\",\"isPartOf\":{\"@id\":\"https:\\\/\\\/www.moon-springers.com\\\/#website\"},\"primaryImageOfPage\":{\"@id\":\"https:\\\/\\\/www.moon-springers.com\\\/tervezett-alom\\\/#primaryimage\"},\"image\":{\"@id\":\"https:\\\/\\\/www.moon-springers.com\\\/tervezett-alom\\\/#primaryimage\"},\"thumbnailUrl\":\"https:\\\/\\\/www.moon-springers.com\\\/wp-content\\\/uploads\\\/2025\\\/01\\\/alombejelento-Otis-Luna-20250108-honlapra-kisfelbontas-1024x763.jpg\",\"datePublished\":\"2024-11-19T22:01:23+00:00\",\"dateModified\":\"2025-01-11T12:25:58+00:00\",\"breadcrumb\":{\"@id\":\"https:\\\/\\\/www.moon-springers.com\\\/tervezett-alom\\\/#breadcrumb\"},\"inLanguage\":\"en-GB\",\"potentialAction\":[{\"@type\":\"ReadAction\",\"target\":[\"https:\\\/\\\/www.moon-springers.com\\\/tervezett-alom\\\/\"]}]},{\"@type\":\"ImageObject\",\"inLanguage\":\"en-GB\",\"@id\":\"https:\\\/\\\/www.moon-springers.com\\\/tervezett-alom\\\/#primaryimage\",\"url\":\"https:\\\/\\\/www.moon-springers.com\\\/wp-content\\\/uploads\\\/2025\\\/01\\\/alombejelento-Otis-Luna-20250108-honlapra-kisfelbontas-1024x763.jpg\",\"contentUrl\":\"https:\\\/\\\/www.moon-springers.com\\\/wp-content\\\/uploads\\\/2025\\\/01\\\/alombejelento-Otis-Luna-20250108-honlapra-kisfelbontas-1024x763.jpg\"},{\"@type\":\"BreadcrumbList\",\"@id\":\"https:\\\/\\\/www.moon-springers.com\\\/tervezett-alom\\\/#breadcrumb\",\"itemListElement\":[{\"@type\":\"ListItem\",\"position\":1,\"name\":\"Kezd\u0151lap\",\"item\":\"https:\\\/\\\/www.moon-springers.com\\\/\"},{\"@type\":\"ListItem\",\"position\":2,\"name\":\"Tervezett alom\"}]},{\"@type\":\"WebSite\",\"@id\":\"https:\\\/\\\/www.moon-springers.com\\\/#website\",\"url\":\"https:\\\/\\\/www.moon-springers.com\\\/\",\"name\":\"Moon-Springers\",\"description\":\"Angol Springer Sp\u00e1niel Kennel\",\"publisher\":{\"@id\":\"https:\\\/\\\/www.moon-springers.com\\\/#\\\/schema\\\/person\\\/570d2cf3969689b1b80e585339cf119b\"},\"potentialAction\":[{\"@type\":\"SearchAction\",\"target\":{\"@type\":\"EntryPoint\",\"urlTemplate\":\"https:\\\/\\\/www.moon-springers.com\\\/?s={search_term_string}\"},\"query-input\":{\"@type\":\"PropertyValueSpecification\",\"valueRequired\":true,\"valueName\":\"search_term_string\"}}],\"inLanguage\":\"en-GB\"},{\"@type\":[\"Person\",\"Organization\"],\"@id\":\"https:\\\/\\\/www.moon-springers.com\\\/#\\\/schema\\\/person\\\/570d2cf3969689b1b80e585339cf119b\",\"name\":\"gmcsilla\",\"image\":{\"@type\":\"ImageObject\",\"inLanguage\":\"en-GB\",\"@id\":\"https:\\\/\\\/www.moon-springers.com\\\/wp-content\\\/uploads\\\/2021\\\/11\\\/moonspringers-logo-fbra-211111-scaled.jpg\",\"url\":\"https:\\\/\\\/www.moon-springers.com\\\/wp-content\\\/uploads\\\/2021\\\/11\\\/moonspringers-logo-fbra-211111-scaled.jpg\",\"contentUrl\":\"https:\\\/\\\/www.moon-springers.com\\\/wp-content\\\/uploads\\\/2021\\\/11\\\/moonspringers-logo-fbra-211111-scaled.jpg\",\"width\":2550,\"height\":2560,\"caption\":\"gmcsilla\"},\"logo\":{\"@id\":\"https:\\\/\\\/www.moon-springers.com\\\/wp-content\\\/uploads\\\/2021\\\/11\\\/moonspringers-logo-fbra-211111-scaled.jpg\"},\"sameAs\":[\"http:\\\/\\\/www.moon-springers.com\",\"https:\\\/\\\/www.facebook.com\\\/MoonSpringers\"]}]}<\/script>\n<!-- \/ Yoast SEO plugin. -->","yoast_head_json":{"title":"Tervezett alom - Moon-Springers","robots":{"index":"index","follow":"follow","max-snippet":"max-snippet:-1","max-image-preview":"max-image-preview:large","max-video-preview":"max-video-preview:-1"},"canonical":"https:\/\/www.moon-springers.com\/en\/tervezett-alom\/","og_locale":"en_GB","og_type":"article","og_title":"Tervezett alom - Moon-Springers","og_description":"K\u00f6lyk\u00f6kre el\u0151jegyz\u00e9st korl\u00e1tozott sz\u00e1mban m\u00e9g felvesz\u00fcnk. +36305744668 gmcsilla@gmail.com","og_url":"https:\/\/www.moon-springers.com\/en\/tervezett-alom\/","og_site_name":"Moon-Springers","article_publisher":"https:\/\/www.facebook.com\/MoonSpringers","article_modified_time":"2025-01-11T12:25:58+00:00","og_image":[{"width":1850,"height":1378,"url":"https:\/\/www.moon-springers.com\/wp-content\/uploads\/2025\/01\/alombejelento-Otis-Luna-20250108-honlapra-kisfelbontas.jpg","type":"image\/jpeg"}],"twitter_card":"summary_large_image","twitter_misc":{"Estimated reading time":"1 minute"},"schema":{"@context":"https:\/\/schema.org","@graph":[{"@type":"WebPage","@id":"https:\/\/www.moon-springers.com\/tervezett-alom\/","url":"https:\/\/www.moon-springers.com\/tervezett-alom\/","name":"Tervezett alom - Moon-Springers","isPartOf":{"@id":"https:\/\/www.moon-springers.com\/#website"},"primaryImageOfPage":{"@id":"https:\/\/www.moon-springers.com\/tervezett-alom\/#primaryimage"},"image":{"@id":"https:\/\/www.moon-springers.com\/tervezett-alom\/#primaryimage"},"thumbnailUrl":"https:\/\/www.moon-springers.com\/wp-content\/uploads\/2025\/01\/alombejelento-Otis-Luna-20250108-honlapra-kisfelbontas-1024x763.jpg","datePublished":"2024-11-19T22:01:23+00:00","dateModified":"2025-01-11T12:25:58+00:00","breadcrumb":{"@id":"https:\/\/www.moon-springers.com\/tervezett-alom\/#breadcrumb"},"inLanguage":"en-GB","potentialAction":[{"@type":"ReadAction","target":["https:\/\/www.moon-springers.com\/tervezett-alom\/"]}]},{"@type":"ImageObject","inLanguage":"en-GB","@id":"https:\/\/www.moon-springers.com\/tervezett-alom\/#primaryimage","url":"https:\/\/www.moon-springers.com\/wp-content\/uploads\/2025\/01\/alombejelento-Otis-Luna-20250108-honlapra-kisfelbontas-1024x763.jpg","contentUrl":"https:\/\/www.moon-springers.com\/wp-content\/uploads\/2025\/01\/alombejelento-Otis-Luna-20250108-honlapra-kisfelbontas-1024x763.jpg"},{"@type":"BreadcrumbList","@id":"https:\/\/www.moon-springers.com\/tervezett-alom\/#breadcrumb","itemListElement":[{"@type":"ListItem","position":1,"name":"Kezd\u0151lap","item":"https:\/\/www.moon-springers.com\/"},{"@type":"ListItem","position":2,"name":"Tervezett alom"}]},{"@type":"WebSite","@id":"https:\/\/www.moon-springers.com\/#website","url":"https:\/\/www.moon-springers.com\/","name":"Moon-Springers","description":"English Springer Spaniel Kennel","publisher":{"@id":"https:\/\/www.moon-springers.com\/#\/schema\/person\/570d2cf3969689b1b80e585339cf119b"},"potentialAction":[{"@type":"SearchAction","target":{"@type":"EntryPoint","urlTemplate":"https:\/\/www.moon-springers.com\/?s={search_term_string}"},"query-input":{"@type":"PropertyValueSpecification","valueRequired":true,"valueName":"search_term_string"}}],"inLanguage":"en-GB"},{"@type":["Person","Organization"],"@id":"https:\/\/www.moon-springers.com\/#\/schema\/person\/570d2cf3969689b1b80e585339cf119b","name":"gmcsilla","image":{"@type":"ImageObject","inLanguage":"en-GB","@id":"https:\/\/www.moon-springers.com\/wp-content\/uploads\/2021\/11\/moonspringers-logo-fbra-211111-scaled.jpg","url":"https:\/\/www.moon-springers.com\/wp-content\/uploads\/2021\/11\/moonspringers-logo-fbra-211111-scaled.jpg","contentUrl":"https:\/\/www.moon-springers.com\/wp-content\/uploads\/2021\/11\/moonspringers-logo-fbra-211111-scaled.jpg","width":2550,"height":2560,"caption":"gmcsilla"},"logo":{"@id":"https:\/\/www.moon-springers.com\/wp-content\/uploads\/2021\/11\/moonspringers-logo-fbra-211111-scaled.jpg"},"sameAs":["http:\/\/www.moon-springers.com","https:\/\/www.facebook.com\/MoonSpringers"]}]}},"_links":{"self":[{"href":"https:\/\/www.moon-springers.com\/en\/wp-json\/wp\/v2\/pages\/525","targetHints":{"allow":["GET"]}}],"collection":[{"href":"https:\/\/www.moon-springers.com\/en\/wp-json\/wp\/v2\/pages"}],"about":[{"href":"https:\/\/www.moon-springers.com\/en\/wp-json\/wp\/v2\/types\/page"}],"author":[{"embeddable":true,"href":"https:\/\/www.moon-springers.com\/en\/wp-json\/wp\/v2\/users\/1"}],"replies":[{"embeddable":true,"href":"https:\/\/www.moon-springers.com\/en\/wp-json\/wp\/v2\/comments?post=525"}],"version-history":[{"count":2,"href":"https:\/\/www.moon-springers.com\/en\/wp-json\/wp\/v2\/pages\/525\/revisions"}],"predecessor-version":[{"id":913,"href":"https:\/\/www.moon-springers.com\/en\/wp-json\/wp\/v2\/pages\/525\/revisions\/913"}],"wp:attachment":[{"href":"https:\/\/www.moon-springers.com\/en\/wp-json\/wp\/v2\/media?parent=525"}],"curies":[{"name":"wp","href":"https:\/\/api.w.org\/{rel}","templated":true}]}}