{"id":448,"date":"2024-11-12T18:41:55","date_gmt":"2024-11-12T18:41:55","guid":{"rendered":"https:\/\/www.moon-springers.com\/?page_id=448"},"modified":"2025-10-28T09:31:52","modified_gmt":"2025-10-28T09:31:52","slug":"lumos","status":"publish","type":"page","link":"https:\/\/www.moon-springers.com\/en\/lumos\/","title":{"rendered":"Lumos"},"content":{"rendered":"<h2 class=\"wp-block-heading\">Moon-Springers&#8217; Bonfire Heart &#8211; Lumos<\/h2>\n\n\n\n<figure class=\"wp-block-image size-full is-resized\"><img loading=\"lazy\" decoding=\"async\" width=\"750\" height=\"1000\" src=\"https:\/\/www.moon-springers.com\/wp-content\/uploads\/2025\/02\/Lumosfej-web-20250220.jpg\" alt=\"\" class=\"wp-image-933\" style=\"width:361px;height:auto\" srcset=\"https:\/\/www.moon-springers.com\/wp-content\/uploads\/2025\/02\/Lumosfej-web-20250220.jpg 750w, https:\/\/www.moon-springers.com\/wp-content\/uploads\/2025\/02\/Lumosfej-web-20250220-225x300.jpg 225w, https:\/\/www.moon-springers.com\/wp-content\/uploads\/2025\/02\/Lumosfej-web-20250220-9x12.jpg 9w\" sizes=\"auto, (max-width: 750px) 100vw, 750px\" \/><\/figure>\n\n\n\n<p>Kan<\/p>\n\n\n\n<p class=\"has-text-align-left\">Sz\u00fcletett: 2024.04.01<\/p>\n\n\n\n<p><em>Sire:<\/em> Felicitous Luke<\/p>\n\n\n\n<p><em>Dam:<\/em> Winterwater Creek&#8217;s Just a Sweetheart<\/p>\n\n\n\n<p><em>Eg\u00e9szs\u00e9g\u00fcgyi eredm\u00e9nyei:<\/em><\/p>\n\n\n\n<ul class=\"wp-block-list\">\n<li>HD: AA, ED: 0\/0, v\u00e1ll: 0\/0<\/li>\n\n\n\n<li>DAMS, Fuco, PRA-Cord1: mentes (sz\u00fclei mentesek &#8211; hereditary clear)<\/li>\n\n\n\n<li>szem: mentes, gonioscopy &#8211; mentes<\/li>\n<\/ul>\n\n\n\n<p><em>Sikeres k\u00e9pess\u00e9gvizsg\u00e1t tett \u00e9s teny\u00e9sszeml\u00e9n &#8222;teny\u00e9szthet\u0151&#8221;min\u0151s\u00edt\u00e9st kapott 2025. okt\u00f3ber 12-\u00e9n.<\/em><\/p>\n\n\n\n<p><em>Ki\u00e1ll\u00edt\u00e1si eredm\u00e9nyei:<\/em><\/p>\n\n\n\n<ul class=\"wp-block-list\">\n<li>Hungaria Junior Champion<\/li>\n\n\n\n<li>b\u00e9bi oszt\u00e1ly gy\u0151ztes, legszebb b\u00e9bi, \u00e9s a Best in Show-ban bev\u00e1lasztott\u00e1k a ki\u00e1ll\u00edt\u00e1s legszebb 5 b\u00e9bi kuty\u00e1ja k\u00f6z\u00e9 (Ag\u00e1rd &#8211; Sz\u00e9kesfeh\u00e9rv\u00e1r CACIB 2024)<\/li>\n\n\n\n<li>2024. szeptember 29. Kom\u00e1rom: k\u00f6ly\u00f6k oszt\u00e1ly gy\u0151ztes, legszebb k\u00f6ly\u00f6k<\/li>\n\n\n\n<li>2024. okt\u00f3ber 20.: Bakonys\u00e1rk\u00e1ny, Sp\u00e1niel Teny\u00e9szt\u0151k Egyes\u00fclete \u00c9vgy\u0151ztes Ki\u00e1ll\u00edt\u00e1s: legszebb k\u00f6ly\u00f6k, \u00e9s k\u00f6ly\u00f6k Best in Show!<\/li>\n\n\n\n<li>2xBest of Breed (BOB), 3xHPJ, 2xCACIB, 3xCAC<\/li>\n<\/ul>\n\n\n\n<p>Lumos az els\u0151 pillanatt\u00f3l nagyon tetszett, er\u0151s, mutat\u00f3s nagy k\u00f6ly\u00f6kk\u00e9nt sz\u00fcletett. Karakter\u00e9ben, fejform\u00e1j\u00e1ban, term\u00e9szet\u00e9ben nagyon hasonl\u00edt anyj\u00e1ra, Lun\u00e1ra. J\u00f3 fel\u00e9p\u00edt\u00e9s\u0171, er\u0151s csontozat\u00fa fiatal kan, m\u00e9g kell neki egy \u00e9v, hogy igaz\u00e1n kialakuljon. Fantasztikusan kiegyens\u00falyozott term\u00e9szet, b\u00e1tor, ugyanakkor nyugodt, k\u00f6nnyen kezelhet\u0151, \u00e9s nagyon kedves, b\u00faj\u00f3s kutya.<\/p>\n\n\n\n<p>Lumos saj\u00e1t csal\u00e1dj\u00e1val \u00e9l, de csapatunk tagja maradt.<\/p>\n\n\n\n<p>Pedigr\u00e9s, eg\u00e9szs\u00e9g\u00fcgyi sz\u0171r\u00e9sekkel rendelkez\u0151 szuk\u00e1k sz\u00e1m\u00e1ra fedeztet\u00e9sre el\u00e9rhet\u0151.<\/p>\n\n\n\n<figure class=\"wp-block-image size-full\"><img loading=\"lazy\" decoding=\"async\" width=\"1000\" height=\"625\" src=\"https:\/\/www.moon-springers.com\/wp-content\/uploads\/2025\/10\/Lumos-20251011-Club-web.jpg\" alt=\"\" class=\"wp-image-1043\" srcset=\"https:\/\/www.moon-springers.com\/wp-content\/uploads\/2025\/10\/Lumos-20251011-Club-web.jpg 1000w, https:\/\/www.moon-springers.com\/wp-content\/uploads\/2025\/10\/Lumos-20251011-Club-web-300x188.jpg 300w, https:\/\/www.moon-springers.com\/wp-content\/uploads\/2025\/10\/Lumos-20251011-Club-web-768x480.jpg 768w, https:\/\/www.moon-springers.com\/wp-content\/uploads\/2025\/10\/Lumos-20251011-Club-web-18x12.jpg 18w\" sizes=\"auto, (max-width: 1000px) 100vw, 1000px\" \/><figcaption class=\"wp-element-caption\">Lumos 1 \u00e9s f\u00e9l \u00e9vesen (2025. okt\u00f3ber 11.)<\/figcaption><\/figure>\n\n\n\n<figure class=\"wp-block-image size-large\"><img loading=\"lazy\" decoding=\"async\" width=\"1024\" height=\"768\" src=\"https:\/\/www.moon-springers.com\/wp-content\/uploads\/2025\/10\/Lumos-202508-Agard-web-1024x768.jpg\" alt=\"\" class=\"wp-image-1044\" srcset=\"https:\/\/www.moon-springers.com\/wp-content\/uploads\/2025\/10\/Lumos-202508-Agard-web-1024x768.jpg 1024w, https:\/\/www.moon-springers.com\/wp-content\/uploads\/2025\/10\/Lumos-202508-Agard-web-300x225.jpg 300w, https:\/\/www.moon-springers.com\/wp-content\/uploads\/2025\/10\/Lumos-202508-Agard-web-768x576.jpg 768w, https:\/\/www.moon-springers.com\/wp-content\/uploads\/2025\/10\/Lumos-202508-Agard-web-1536x1152.jpg 1536w, https:\/\/www.moon-springers.com\/wp-content\/uploads\/2025\/10\/Lumos-202508-Agard-web-16x12.jpg 16w, https:\/\/www.moon-springers.com\/wp-content\/uploads\/2025\/10\/Lumos-202508-Agard-web.jpg 2000w\" sizes=\"auto, (max-width: 1024px) 100vw, 1024px\" \/><figcaption class=\"wp-element-caption\">Lumos 16 h\u00f3naposan (2025. augusztus, Ag\u00e1rd)<\/figcaption><\/figure>\n\n\n<div class=\"wp-block-image\">\n<figure class=\"aligncenter size-large\"><img loading=\"lazy\" decoding=\"async\" width=\"1024\" height=\"709\" src=\"https:\/\/www.moon-springers.com\/wp-content\/uploads\/2024\/11\/20240823_171152-1024x709.jpg\" alt=\"\" class=\"wp-image-502\" srcset=\"https:\/\/www.moon-springers.com\/wp-content\/uploads\/2024\/11\/20240823_171152-1024x709.jpg 1024w, https:\/\/www.moon-springers.com\/wp-content\/uploads\/2024\/11\/20240823_171152-300x208.jpg 300w, https:\/\/www.moon-springers.com\/wp-content\/uploads\/2024\/11\/20240823_171152-768x532.jpg 768w, https:\/\/www.moon-springers.com\/wp-content\/uploads\/2024\/11\/20240823_171152-1536x1064.jpg 1536w, https:\/\/www.moon-springers.com\/wp-content\/uploads\/2024\/11\/20240823_171152-2048x1418.jpg 2048w, https:\/\/www.moon-springers.com\/wp-content\/uploads\/2024\/11\/20240823_171152-18x12.jpg 18w\" sizes=\"auto, (max-width: 1024px) 100vw, 1024px\" \/><figcaption class=\"wp-element-caption\">Lumos 3 \u00e9s f\u00e9l h\u00f3naposan &#8211; Ag\u00e1rd CACIB<\/figcaption><\/figure>\n<\/div>\n\n\n<figure class=\"wp-block-image size-large\"><img loading=\"lazy\" decoding=\"async\" width=\"1024\" height=\"837\" src=\"https:\/\/www.moon-springers.com\/wp-content\/uploads\/2024\/11\/20240929_212513-1-1024x837.jpg\" alt=\"\" class=\"wp-image-454\" srcset=\"https:\/\/www.moon-springers.com\/wp-content\/uploads\/2024\/11\/20240929_212513-1-1024x837.jpg 1024w, https:\/\/www.moon-springers.com\/wp-content\/uploads\/2024\/11\/20240929_212513-1-300x245.jpg 300w, https:\/\/www.moon-springers.com\/wp-content\/uploads\/2024\/11\/20240929_212513-1-768x628.jpg 768w, https:\/\/www.moon-springers.com\/wp-content\/uploads\/2024\/11\/20240929_212513-1-1536x1256.jpg 1536w, https:\/\/www.moon-springers.com\/wp-content\/uploads\/2024\/11\/20240929_212513-1-2048x1675.jpg 2048w, https:\/\/www.moon-springers.com\/wp-content\/uploads\/2024\/11\/20240929_212513-1-15x12.jpg 15w\" sizes=\"auto, (max-width: 1024px) 100vw, 1024px\" \/><figcaption class=\"wp-element-caption\">Lumos 5 and a half months old<\/figcaption><\/figure>\n\n\n<div class=\"wp-block-image\">\n<figure class=\"aligncenter size-full\"><img loading=\"lazy\" decoding=\"async\" width=\"1000\" height=\"745\" src=\"https:\/\/www.moon-springers.com\/wp-content\/uploads\/2025\/02\/Lumos-10-honapos-webre-1.jpg\" alt=\"\" class=\"wp-image-937\" srcset=\"https:\/\/www.moon-springers.com\/wp-content\/uploads\/2025\/02\/Lumos-10-honapos-webre-1.jpg 1000w, https:\/\/www.moon-springers.com\/wp-content\/uploads\/2025\/02\/Lumos-10-honapos-webre-1-300x224.jpg 300w, https:\/\/www.moon-springers.com\/wp-content\/uploads\/2025\/02\/Lumos-10-honapos-webre-1-768x572.jpg 768w, https:\/\/www.moon-springers.com\/wp-content\/uploads\/2025\/02\/Lumos-10-honapos-webre-1-16x12.jpg 16w\" sizes=\"auto, (max-width: 1000px) 100vw, 1000px\" \/><figcaption class=\"wp-element-caption\">Lumos - 10 and a half months old<\/figcaption><\/figure>\n<\/div>\n\n\n<figure class=\"wp-block-gallery has-nested-images columns-default is-cropped wp-block-gallery-1 is-layout-flex wp-block-gallery-is-layout-flex\">\n<figure class=\"wp-block-image size-large\"><img loading=\"lazy\" decoding=\"async\" width=\"1000\" height=\"633\" data-id=\"843\" src=\"https:\/\/www.moon-springers.com\/wp-content\/uploads\/2024\/12\/Bonfire-Heart.jpg\" alt=\"\" class=\"wp-image-843\" srcset=\"https:\/\/www.moon-springers.com\/wp-content\/uploads\/2024\/12\/Bonfire-Heart.jpg 1000w, https:\/\/www.moon-springers.com\/wp-content\/uploads\/2024\/12\/Bonfire-Heart-300x190.jpg 300w, https:\/\/www.moon-springers.com\/wp-content\/uploads\/2024\/12\/Bonfire-Heart-768x486.jpg 768w, https:\/\/www.moon-springers.com\/wp-content\/uploads\/2024\/12\/Bonfire-Heart-18x12.jpg 18w\" sizes=\"auto, (max-width: 1000px) 100vw, 1000px\" \/><\/figure>\n<\/figure>\n\n\n\n<figure class=\"wp-block-image size-large is-resized\"><img loading=\"lazy\" decoding=\"async\" width=\"737\" height=\"1024\" src=\"https:\/\/www.moon-springers.com\/wp-content\/uploads\/2024\/11\/received_472286748489066-737x1024.jpeg\" alt=\"\" class=\"wp-image-444\" style=\"width:451px;height:auto\" srcset=\"https:\/\/www.moon-springers.com\/wp-content\/uploads\/2024\/11\/received_472286748489066-737x1024.jpeg 737w, https:\/\/www.moon-springers.com\/wp-content\/uploads\/2024\/11\/received_472286748489066-216x300.jpeg 216w, https:\/\/www.moon-springers.com\/wp-content\/uploads\/2024\/11\/received_472286748489066-768x1067.jpeg 768w, https:\/\/www.moon-springers.com\/wp-content\/uploads\/2024\/11\/received_472286748489066-1105x1536.jpeg 1105w, https:\/\/www.moon-springers.com\/wp-content\/uploads\/2024\/11\/received_472286748489066-9x12.jpeg 9w, https:\/\/www.moon-springers.com\/wp-content\/uploads\/2024\/11\/received_472286748489066.jpeg 1124w\" sizes=\"auto, (max-width: 737px) 100vw, 737px\" \/><\/figure>\n\n\n\n<figure class=\"wp-block-image size-large is-resized\"><img loading=\"lazy\" decoding=\"async\" width=\"1024\" height=\"1024\" src=\"https:\/\/www.moon-springers.com\/wp-content\/uploads\/2024\/11\/received_3484008111890242-1024x1024.jpeg\" alt=\"\" class=\"wp-image-445\" style=\"width:451px;height:auto\" srcset=\"https:\/\/www.moon-springers.com\/wp-content\/uploads\/2024\/11\/received_3484008111890242-1024x1024.jpeg 1024w, https:\/\/www.moon-springers.com\/wp-content\/uploads\/2024\/11\/received_3484008111890242-300x300.jpeg 300w, https:\/\/www.moon-springers.com\/wp-content\/uploads\/2024\/11\/received_3484008111890242-150x150.jpeg 150w, https:\/\/www.moon-springers.com\/wp-content\/uploads\/2024\/11\/received_3484008111890242-768x767.jpeg 768w, https:\/\/www.moon-springers.com\/wp-content\/uploads\/2024\/11\/received_3484008111890242-12x12.jpeg 12w, https:\/\/www.moon-springers.com\/wp-content\/uploads\/2024\/11\/received_3484008111890242.jpeg 1179w\" sizes=\"auto, (max-width: 1024px) 100vw, 1024px\" \/><\/figure>\n\n\n\n<figure class=\"wp-block-image size-large is-resized\"><img loading=\"lazy\" decoding=\"async\" width=\"768\" height=\"1024\" src=\"https:\/\/www.moon-springers.com\/wp-content\/uploads\/2024\/11\/20240823_170813-768x1024.jpg\" alt=\"\" class=\"wp-image-504\" style=\"width:840px;height:auto\" srcset=\"https:\/\/www.moon-springers.com\/wp-content\/uploads\/2024\/11\/20240823_170813-768x1024.jpg 768w, https:\/\/www.moon-springers.com\/wp-content\/uploads\/2024\/11\/20240823_170813-225x300.jpg 225w, https:\/\/www.moon-springers.com\/wp-content\/uploads\/2024\/11\/20240823_170813-1152x1536.jpg 1152w, https:\/\/www.moon-springers.com\/wp-content\/uploads\/2024\/11\/20240823_170813-1535x2048.jpg 1535w, https:\/\/www.moon-springers.com\/wp-content\/uploads\/2024\/11\/20240823_170813-9x12.jpg 9w, https:\/\/www.moon-springers.com\/wp-content\/uploads\/2024\/11\/20240823_170813-scaled.jpg 1919w\" sizes=\"auto, (max-width: 768px) 100vw, 768px\" \/><\/figure>\n\n\n\n<figure class=\"wp-block-image size-large\"><img loading=\"lazy\" decoding=\"async\" width=\"1024\" height=\"765\" src=\"https:\/\/www.moon-springers.com\/wp-content\/uploads\/2024\/11\/20240929_212322-1024x765.jpg\" alt=\"\" class=\"wp-image-446\" srcset=\"https:\/\/www.moon-springers.com\/wp-content\/uploads\/2024\/11\/20240929_212322-1024x765.jpg 1024w, https:\/\/www.moon-springers.com\/wp-content\/uploads\/2024\/11\/20240929_212322-300x224.jpg 300w, https:\/\/www.moon-springers.com\/wp-content\/uploads\/2024\/11\/20240929_212322-768x574.jpg 768w, https:\/\/www.moon-springers.com\/wp-content\/uploads\/2024\/11\/20240929_212322-1536x1147.jpg 1536w, https:\/\/www.moon-springers.com\/wp-content\/uploads\/2024\/11\/20240929_212322-2048x1530.jpg 2048w, https:\/\/www.moon-springers.com\/wp-content\/uploads\/2024\/11\/20240929_212322-16x12.jpg 16w\" sizes=\"auto, (max-width: 1024px) 100vw, 1024px\" \/><\/figure>\n\n\n\n<figure class=\"wp-block-image size-full\"><img loading=\"lazy\" decoding=\"async\" width=\"1000\" height=\"750\" src=\"https:\/\/www.moon-springers.com\/wp-content\/uploads\/2024\/11\/Lumos-klub-bis-baby-2024.jpg\" alt=\"\" class=\"wp-image-660\" srcset=\"https:\/\/www.moon-springers.com\/wp-content\/uploads\/2024\/11\/Lumos-klub-bis-baby-2024.jpg 1000w, https:\/\/www.moon-springers.com\/wp-content\/uploads\/2024\/11\/Lumos-klub-bis-baby-2024-300x225.jpg 300w, https:\/\/www.moon-springers.com\/wp-content\/uploads\/2024\/11\/Lumos-klub-bis-baby-2024-768x576.jpg 768w, https:\/\/www.moon-springers.com\/wp-content\/uploads\/2024\/11\/Lumos-klub-bis-baby-2024-16x12.jpg 16w\" sizes=\"auto, (max-width: 1000px) 100vw, 1000px\" \/><\/figure>\n\n\n\n<figure class=\"wp-block-image size-full is-resized\"><img loading=\"lazy\" decoding=\"async\" width=\"750\" height=\"1000\" src=\"https:\/\/www.moon-springers.com\/wp-content\/uploads\/2024\/11\/3-kutya-klub-2024-okt.jpg\" alt=\"\" class=\"wp-image-657\" style=\"width:840px;height:auto\" srcset=\"https:\/\/www.moon-springers.com\/wp-content\/uploads\/2024\/11\/3-kutya-klub-2024-okt.jpg 750w, https:\/\/www.moon-springers.com\/wp-content\/uploads\/2024\/11\/3-kutya-klub-2024-okt-225x300.jpg 225w, https:\/\/www.moon-springers.com\/wp-content\/uploads\/2024\/11\/3-kutya-klub-2024-okt-9x12.jpg 9w\" sizes=\"auto, (max-width: 750px) 100vw, 750px\" \/><\/figure>\n\n\n\n<figure class=\"wp-block-image size-full\"><img loading=\"lazy\" decoding=\"async\" width=\"1000\" height=\"436\" src=\"https:\/\/www.moon-springers.com\/wp-content\/uploads\/2024\/12\/B-alom-pedigree.jpg\" alt=\"\" class=\"wp-image-669\" srcset=\"https:\/\/www.moon-springers.com\/wp-content\/uploads\/2024\/12\/B-alom-pedigree.jpg 1000w, https:\/\/www.moon-springers.com\/wp-content\/uploads\/2024\/12\/B-alom-pedigree-300x131.jpg 300w, https:\/\/www.moon-springers.com\/wp-content\/uploads\/2024\/12\/B-alom-pedigree-768x335.jpg 768w, https:\/\/www.moon-springers.com\/wp-content\/uploads\/2024\/12\/B-alom-pedigree-18x8.jpg 18w\" sizes=\"auto, (max-width: 1000px) 100vw, 1000px\" \/><\/figure>","protected":false},"excerpt":{"rendered":"<p>Moon-Springers&#8217; Bonfire Heart &#8211; Lumos Kan Sz\u00fcletett: 2024.04.01 Apja: Felicitous Luke Anyja: Winterwater Creek&#8217;s Just a Sweetheart Eg\u00e9szs\u00e9g\u00fcgyi eredm\u00e9nyei: Sikeres k\u00e9pess\u00e9gvizsg\u00e1t tett \u00e9s teny\u00e9sszeml\u00e9n &#8222;teny\u00e9szthet\u0151&#8221;min\u0151s\u00edt\u00e9st&hellip;<\/p>","protected":false},"author":1,"featured_media":0,"parent":0,"menu_order":0,"comment_status":"closed","ping_status":"closed","template":"","meta":{"footnotes":""},"class_list":["post-448","page","type-page","status-publish","hentry","no-post-thumbnail"],"yoast_head":"<!-- This site is optimized with the Yoast SEO plugin v27.4 - https:\/\/yoast.com\/product\/yoast-seo-wordpress\/ -->\n<title>Lumos - Moon-Springers<\/title>\n<meta name=\"robots\" content=\"index, follow, max-snippet:-1, max-image-preview:large, max-video-preview:-1\" \/>\n<link rel=\"canonical\" href=\"https:\/\/www.moon-springers.com\/en\/lumos\/\" \/>\n<meta property=\"og:locale\" content=\"en_GB\" \/>\n<meta property=\"og:type\" content=\"article\" \/>\n<meta property=\"og:title\" content=\"Lumos - Moon-Springers\" \/>\n<meta property=\"og:description\" content=\"Moon-Springers&#8217; Bonfire Heart &#8211; Lumos Kan Sz\u00fcletett: 2024.04.01 Apja: Felicitous Luke Anyja: Winterwater Creek&#8217;s Just a Sweetheart Eg\u00e9szs\u00e9g\u00fcgyi eredm\u00e9nyei: Sikeres k\u00e9pess\u00e9gvizsg\u00e1t tett \u00e9s teny\u00e9sszeml\u00e9n &#8222;teny\u00e9szthet\u0151&#8221;min\u0151s\u00edt\u00e9st&hellip;\" \/>\n<meta property=\"og:url\" content=\"https:\/\/www.moon-springers.com\/en\/lumos\/\" \/>\n<meta property=\"og:site_name\" content=\"Moon-Springers\" \/>\n<meta property=\"article:publisher\" content=\"https:\/\/www.facebook.com\/MoonSpringers\" \/>\n<meta property=\"article:modified_time\" content=\"2025-10-28T09:31:52+00:00\" \/>\n<meta property=\"og:image\" content=\"https:\/\/www.moon-springers.com\/wp-content\/uploads\/2025\/02\/Lumosfej-web-20250220.jpg\" \/>\n\t<meta property=\"og:image:width\" content=\"750\" \/>\n\t<meta property=\"og:image:height\" content=\"1000\" \/>\n\t<meta property=\"og:image:type\" content=\"image\/jpeg\" \/>\n<meta name=\"twitter:card\" content=\"summary_large_image\" \/>\n<meta name=\"twitter:label1\" content=\"Estimated reading time\" \/>\n\t<meta name=\"twitter:data1\" content=\"4 minutes\" \/>\n<script type=\"application\/ld+json\" class=\"yoast-schema-graph\">{\"@context\":\"https:\\\/\\\/schema.org\",\"@graph\":[{\"@type\":\"WebPage\",\"@id\":\"https:\\\/\\\/www.moon-springers.com\\\/lumos\\\/\",\"url\":\"https:\\\/\\\/www.moon-springers.com\\\/lumos\\\/\",\"name\":\"Lumos - Moon-Springers\",\"isPartOf\":{\"@id\":\"https:\\\/\\\/www.moon-springers.com\\\/#website\"},\"primaryImageOfPage\":{\"@id\":\"https:\\\/\\\/www.moon-springers.com\\\/lumos\\\/#primaryimage\"},\"image\":{\"@id\":\"https:\\\/\\\/www.moon-springers.com\\\/lumos\\\/#primaryimage\"},\"thumbnailUrl\":\"https:\\\/\\\/www.moon-springers.com\\\/wp-content\\\/uploads\\\/2025\\\/02\\\/Lumosfej-web-20250220.jpg\",\"datePublished\":\"2024-11-12T18:41:55+00:00\",\"dateModified\":\"2025-10-28T09:31:52+00:00\",\"breadcrumb\":{\"@id\":\"https:\\\/\\\/www.moon-springers.com\\\/lumos\\\/#breadcrumb\"},\"inLanguage\":\"en-GB\",\"potentialAction\":[{\"@type\":\"ReadAction\",\"target\":[\"https:\\\/\\\/www.moon-springers.com\\\/lumos\\\/\"]}]},{\"@type\":\"ImageObject\",\"inLanguage\":\"en-GB\",\"@id\":\"https:\\\/\\\/www.moon-springers.com\\\/lumos\\\/#primaryimage\",\"url\":\"https:\\\/\\\/www.moon-springers.com\\\/wp-content\\\/uploads\\\/2025\\\/02\\\/Lumosfej-web-20250220.jpg\",\"contentUrl\":\"https:\\\/\\\/www.moon-springers.com\\\/wp-content\\\/uploads\\\/2025\\\/02\\\/Lumosfej-web-20250220.jpg\"},{\"@type\":\"BreadcrumbList\",\"@id\":\"https:\\\/\\\/www.moon-springers.com\\\/lumos\\\/#breadcrumb\",\"itemListElement\":[{\"@type\":\"ListItem\",\"position\":1,\"name\":\"Kezd\u0151lap\",\"item\":\"https:\\\/\\\/www.moon-springers.com\\\/\"},{\"@type\":\"ListItem\",\"position\":2,\"name\":\"Lumos\"}]},{\"@type\":\"WebSite\",\"@id\":\"https:\\\/\\\/www.moon-springers.com\\\/#website\",\"url\":\"https:\\\/\\\/www.moon-springers.com\\\/\",\"name\":\"Moon-Springers\",\"description\":\"Angol Springer Sp\u00e1niel Kennel\",\"publisher\":{\"@id\":\"https:\\\/\\\/www.moon-springers.com\\\/#\\\/schema\\\/person\\\/570d2cf3969689b1b80e585339cf119b\"},\"potentialAction\":[{\"@type\":\"SearchAction\",\"target\":{\"@type\":\"EntryPoint\",\"urlTemplate\":\"https:\\\/\\\/www.moon-springers.com\\\/?s={search_term_string}\"},\"query-input\":{\"@type\":\"PropertyValueSpecification\",\"valueRequired\":true,\"valueName\":\"search_term_string\"}}],\"inLanguage\":\"en-GB\"},{\"@type\":[\"Person\",\"Organization\"],\"@id\":\"https:\\\/\\\/www.moon-springers.com\\\/#\\\/schema\\\/person\\\/570d2cf3969689b1b80e585339cf119b\",\"name\":\"gmcsilla\",\"image\":{\"@type\":\"ImageObject\",\"inLanguage\":\"en-GB\",\"@id\":\"https:\\\/\\\/www.moon-springers.com\\\/wp-content\\\/uploads\\\/2021\\\/11\\\/moonspringers-logo-fbra-211111-scaled.jpg\",\"url\":\"https:\\\/\\\/www.moon-springers.com\\\/wp-content\\\/uploads\\\/2021\\\/11\\\/moonspringers-logo-fbra-211111-scaled.jpg\",\"contentUrl\":\"https:\\\/\\\/www.moon-springers.com\\\/wp-content\\\/uploads\\\/2021\\\/11\\\/moonspringers-logo-fbra-211111-scaled.jpg\",\"width\":2550,\"height\":2560,\"caption\":\"gmcsilla\"},\"logo\":{\"@id\":\"https:\\\/\\\/www.moon-springers.com\\\/wp-content\\\/uploads\\\/2021\\\/11\\\/moonspringers-logo-fbra-211111-scaled.jpg\"},\"sameAs\":[\"http:\\\/\\\/www.moon-springers.com\",\"https:\\\/\\\/www.facebook.com\\\/MoonSpringers\"]}]}<\/script>\n<!-- \/ Yoast SEO plugin. -->","yoast_head_json":{"title":"Lumos - Moon-Springers","robots":{"index":"index","follow":"follow","max-snippet":"max-snippet:-1","max-image-preview":"max-image-preview:large","max-video-preview":"max-video-preview:-1"},"canonical":"https:\/\/www.moon-springers.com\/en\/lumos\/","og_locale":"en_GB","og_type":"article","og_title":"Lumos - Moon-Springers","og_description":"Moon-Springers&#8217; Bonfire Heart &#8211; Lumos Kan Sz\u00fcletett: 2024.04.01 Apja: Felicitous Luke Anyja: Winterwater Creek&#8217;s Just a Sweetheart Eg\u00e9szs\u00e9g\u00fcgyi eredm\u00e9nyei: Sikeres k\u00e9pess\u00e9gvizsg\u00e1t tett \u00e9s teny\u00e9sszeml\u00e9n &#8222;teny\u00e9szthet\u0151&#8221;min\u0151s\u00edt\u00e9st&hellip;","og_url":"https:\/\/www.moon-springers.com\/en\/lumos\/","og_site_name":"Moon-Springers","article_publisher":"https:\/\/www.facebook.com\/MoonSpringers","article_modified_time":"2025-10-28T09:31:52+00:00","og_image":[{"width":750,"height":1000,"url":"https:\/\/www.moon-springers.com\/wp-content\/uploads\/2025\/02\/Lumosfej-web-20250220.jpg","type":"image\/jpeg"}],"twitter_card":"summary_large_image","twitter_misc":{"Estimated reading time":"4 minutes"},"schema":{"@context":"https:\/\/schema.org","@graph":[{"@type":"WebPage","@id":"https:\/\/www.moon-springers.com\/lumos\/","url":"https:\/\/www.moon-springers.com\/lumos\/","name":"Lumos - Moon-Springers","isPartOf":{"@id":"https:\/\/www.moon-springers.com\/#website"},"primaryImageOfPage":{"@id":"https:\/\/www.moon-springers.com\/lumos\/#primaryimage"},"image":{"@id":"https:\/\/www.moon-springers.com\/lumos\/#primaryimage"},"thumbnailUrl":"https:\/\/www.moon-springers.com\/wp-content\/uploads\/2025\/02\/Lumosfej-web-20250220.jpg","datePublished":"2024-11-12T18:41:55+00:00","dateModified":"2025-10-28T09:31:52+00:00","breadcrumb":{"@id":"https:\/\/www.moon-springers.com\/lumos\/#breadcrumb"},"inLanguage":"en-GB","potentialAction":[{"@type":"ReadAction","target":["https:\/\/www.moon-springers.com\/lumos\/"]}]},{"@type":"ImageObject","inLanguage":"en-GB","@id":"https:\/\/www.moon-springers.com\/lumos\/#primaryimage","url":"https:\/\/www.moon-springers.com\/wp-content\/uploads\/2025\/02\/Lumosfej-web-20250220.jpg","contentUrl":"https:\/\/www.moon-springers.com\/wp-content\/uploads\/2025\/02\/Lumosfej-web-20250220.jpg"},{"@type":"BreadcrumbList","@id":"https:\/\/www.moon-springers.com\/lumos\/#breadcrumb","itemListElement":[{"@type":"ListItem","position":1,"name":"Kezd\u0151lap","item":"https:\/\/www.moon-springers.com\/"},{"@type":"ListItem","position":2,"name":"Lumos"}]},{"@type":"WebSite","@id":"https:\/\/www.moon-springers.com\/#website","url":"https:\/\/www.moon-springers.com\/","name":"Moon-Springers","description":"English Springer Spaniel Kennel","publisher":{"@id":"https:\/\/www.moon-springers.com\/#\/schema\/person\/570d2cf3969689b1b80e585339cf119b"},"potentialAction":[{"@type":"SearchAction","target":{"@type":"EntryPoint","urlTemplate":"https:\/\/www.moon-springers.com\/?s={search_term_string}"},"query-input":{"@type":"PropertyValueSpecification","valueRequired":true,"valueName":"search_term_string"}}],"inLanguage":"en-GB"},{"@type":["Person","Organization"],"@id":"https:\/\/www.moon-springers.com\/#\/schema\/person\/570d2cf3969689b1b80e585339cf119b","name":"gmcsilla","image":{"@type":"ImageObject","inLanguage":"en-GB","@id":"https:\/\/www.moon-springers.com\/wp-content\/uploads\/2021\/11\/moonspringers-logo-fbra-211111-scaled.jpg","url":"https:\/\/www.moon-springers.com\/wp-content\/uploads\/2021\/11\/moonspringers-logo-fbra-211111-scaled.jpg","contentUrl":"https:\/\/www.moon-springers.com\/wp-content\/uploads\/2021\/11\/moonspringers-logo-fbra-211111-scaled.jpg","width":2550,"height":2560,"caption":"gmcsilla"},"logo":{"@id":"https:\/\/www.moon-springers.com\/wp-content\/uploads\/2021\/11\/moonspringers-logo-fbra-211111-scaled.jpg"},"sameAs":["http:\/\/www.moon-springers.com","https:\/\/www.facebook.com\/MoonSpringers"]}]}},"_links":{"self":[{"href":"https:\/\/www.moon-springers.com\/en\/wp-json\/wp\/v2\/pages\/448","targetHints":{"allow":["GET"]}}],"collection":[{"href":"https:\/\/www.moon-springers.com\/en\/wp-json\/wp\/v2\/pages"}],"about":[{"href":"https:\/\/www.moon-springers.com\/en\/wp-json\/wp\/v2\/types\/page"}],"author":[{"embeddable":true,"href":"https:\/\/www.moon-springers.com\/en\/wp-json\/wp\/v2\/users\/1"}],"replies":[{"embeddable":true,"href":"https:\/\/www.moon-springers.com\/en\/wp-json\/wp\/v2\/comments?post=448"}],"version-history":[{"count":12,"href":"https:\/\/www.moon-springers.com\/en\/wp-json\/wp\/v2\/pages\/448\/revisions"}],"predecessor-version":[{"id":1045,"href":"https:\/\/www.moon-springers.com\/en\/wp-json\/wp\/v2\/pages\/448\/revisions\/1045"}],"wp:attachment":[{"href":"https:\/\/www.moon-springers.com\/en\/wp-json\/wp\/v2\/media?parent=448"}],"curies":[{"name":"wp","href":"https:\/\/api.w.org\/{rel}","templated":true}]}}