{"id":35,"date":"2021-11-18T16:14:36","date_gmt":"2021-11-18T16:14:36","guid":{"rendered":"http:\/\/www.moon-springers.com\/?page_id=35"},"modified":"2024-12-04T07:53:19","modified_gmt":"2024-12-04T07:53:19","slug":"bemutatkozas","status":"publish","type":"page","link":"https:\/\/www.moon-springers.com\/en\/bemutatkozas\/","title":{"rendered":"About Us"},"content":{"rendered":"<figure class=\"wp-block-image size-full\"><img loading=\"lazy\" decoding=\"async\" width=\"1000\" height=\"667\" src=\"https:\/\/www.moon-springers.com\/wp-content\/uploads\/2024\/12\/01A313801-kicsi.jpg\" alt=\"\" class=\"wp-image-696\" srcset=\"https:\/\/www.moon-springers.com\/wp-content\/uploads\/2024\/12\/01A313801-kicsi.jpg 1000w, https:\/\/www.moon-springers.com\/wp-content\/uploads\/2024\/12\/01A313801-kicsi-300x200.jpg 300w, https:\/\/www.moon-springers.com\/wp-content\/uploads\/2024\/12\/01A313801-kicsi-768x512.jpg 768w, https:\/\/www.moon-springers.com\/wp-content\/uploads\/2024\/12\/01A313801-kicsi-18x12.jpg 18w\" sizes=\"auto, (max-width: 1000px) 100vw, 1000px\" \/><\/figure>\n\n\n\n<p>I am Csilla Gomb\u00e1sn\u00e9 Magyar, founder of the English springer spaniel kennel \"Moon-Springers\".<\/p>\n\n\n\n<p>I always had spaniels, the first one was a contoured black and white cocker male when I was ten years old. He grew much larger than the standard size, so after a few shows my show career was quickly cut off. However, this \u201calmost springer\u201d sized puppy is the reason why I chose the springer later, as soon as I was able to incorporate such a more active breed into my lifestyle.<\/p>\n\n\n\n<p>My founder bitch, Winterwater Creek\u2019s Just a Sweetheart \u2018Luna\u2019, was imported from Austria. She has renowned Swedish, English and Danish ancestor lines in her pedigree. I chose this breeder and litter after a long search - the dogs of Barbara Illenschitz embodied in every way the type I liked, with excellent temperament and health - I was very fortunate to get this super bitch from the last litter she bred. Barbara has been my mentor ever since, I have learned everything about the breed from her, she supports me with her advice and experience in all ways.<\/p>\n\n\n\n<figure class=\"wp-block-image size-full\"><img loading=\"lazy\" decoding=\"async\" width=\"1000\" height=\"667\" src=\"https:\/\/www.moon-springers.com\/wp-content\/uploads\/2024\/12\/01A2791011-honlapra-1.jpg\" alt=\"\" class=\"wp-image-641\" srcset=\"https:\/\/www.moon-springers.com\/wp-content\/uploads\/2024\/12\/01A2791011-honlapra-1.jpg 1000w, https:\/\/www.moon-springers.com\/wp-content\/uploads\/2024\/12\/01A2791011-honlapra-1-300x200.jpg 300w, https:\/\/www.moon-springers.com\/wp-content\/uploads\/2024\/12\/01A2791011-honlapra-1-768x512.jpg 768w, https:\/\/www.moon-springers.com\/wp-content\/uploads\/2024\/12\/01A2791011-honlapra-1-18x12.jpg 18w\" sizes=\"auto, (max-width: 1000px) 100vw, 1000px\" \/><\/figure>\n\n\n\n<p>My aim is to build a small, quality kennel, with few but top quality litters, out of very carefully chosen pairings, combining the beautiful appearance of the modern springer with excellent temperament and perfect health, without exaggerations, with outstanding anatomy, meeting the standard as much as possible. I am aiming to breed great family\/sport dogs, and high-quality show  dogs. At the same time, I want to keep them duitable for the original task of the breed: hunting. So, my breeding dogs are all tested in hunting, they show excellent hunting instincts and big will to please and work. Many of my puppies are  suitable to work as therapy dogs, hunting dogs, or sports dogs. Whether it's mantrailing, agility, truffle hunting or nosework - my springers prove the versatility of the breed everywhere.<\/p>\n\n\n\n<p>The greatest joy for me is the many positive feedbacks from the owners about how well the puppies fit into the life of the family, how smart they are, how much praise they receive from the trainers, and how much happiness and pride they bring to their owners' everyday lives.<\/p>\n\n\n\n<figure class=\"wp-block-image size-large is-resized\"><img loading=\"lazy\" decoding=\"async\" width=\"813\" height=\"1024\" src=\"https:\/\/www.moon-springers.com\/wp-content\/uploads\/2021\/11\/Profilkep2-813x1024.jpg\" alt=\"\" class=\"wp-image-67\" style=\"width:489px;height:auto\" srcset=\"https:\/\/www.moon-springers.com\/wp-content\/uploads\/2021\/11\/Profilkep2-813x1024.jpg 813w, https:\/\/www.moon-springers.com\/wp-content\/uploads\/2021\/11\/Profilkep2-238x300.jpg 238w, https:\/\/www.moon-springers.com\/wp-content\/uploads\/2021\/11\/Profilkep2-768x967.jpg 768w, https:\/\/www.moon-springers.com\/wp-content\/uploads\/2021\/11\/Profilkep2-1220x1536.jpg 1220w, https:\/\/www.moon-springers.com\/wp-content\/uploads\/2021\/11\/Profilkep2-1626x2048.jpg 1626w, https:\/\/www.moon-springers.com\/wp-content\/uploads\/2021\/11\/Profilkep2-scaled.jpg 2033w\" sizes=\"auto, (max-width: 813px) 100vw, 813px\" \/><\/figure>","protected":false},"excerpt":{"rendered":"<p>Gomb\u00e1sn\u00e9 Magyar Csilla vagyok, a \u201eMoon-Springers\u201d angol springer sp\u00e1niel kennel alap\u00edt\u00f3ja. R\u00e9gi \u00e1lmom v\u00e1lt val\u00f3ra azzal, hogy springer tulajdonoss\u00e1 v\u00e1lhattam. Mindig sp\u00e1nieljeim voltak, az els\u0151&hellip;<\/p>","protected":false},"author":1,"featured_media":0,"parent":0,"menu_order":0,"comment_status":"closed","ping_status":"closed","template":"","meta":{"footnotes":""},"class_list":["post-35","page","type-page","status-publish","hentry","no-post-thumbnail"],"yoast_head":"<!-- This site is optimized with the Yoast SEO plugin v27.4 - https:\/\/yoast.com\/product\/yoast-seo-wordpress\/ -->\n<title>Bemutatkoz\u00e1s - Moon-Springers<\/title>\n<meta name=\"robots\" content=\"index, follow, max-snippet:-1, max-image-preview:large, max-video-preview:-1\" \/>\n<link rel=\"canonical\" href=\"https:\/\/www.moon-springers.com\/en\/bemutatkozas\/\" \/>\n<meta property=\"og:locale\" content=\"en_GB\" \/>\n<meta property=\"og:type\" content=\"article\" \/>\n<meta property=\"og:title\" content=\"Bemutatkoz\u00e1s - Moon-Springers\" \/>\n<meta property=\"og:description\" content=\"Gomb\u00e1sn\u00e9 Magyar Csilla vagyok, a \u201eMoon-Springers\u201d angol springer sp\u00e1niel kennel alap\u00edt\u00f3ja. R\u00e9gi \u00e1lmom v\u00e1lt val\u00f3ra azzal, hogy springer tulajdonoss\u00e1 v\u00e1lhattam. Mindig sp\u00e1nieljeim voltak, az els\u0151&hellip;\" \/>\n<meta property=\"og:url\" content=\"https:\/\/www.moon-springers.com\/en\/bemutatkozas\/\" \/>\n<meta property=\"og:site_name\" content=\"Moon-Springers\" \/>\n<meta property=\"article:publisher\" content=\"https:\/\/www.facebook.com\/MoonSpringers\" \/>\n<meta property=\"article:modified_time\" content=\"2024-12-04T07:53:19+00:00\" \/>\n<meta property=\"og:image\" content=\"https:\/\/www.moon-springers.com\/wp-content\/uploads\/2024\/12\/01A313801-kicsi.jpg\" \/>\n\t<meta property=\"og:image:width\" content=\"1000\" \/>\n\t<meta property=\"og:image:height\" content=\"667\" \/>\n\t<meta property=\"og:image:type\" content=\"image\/jpeg\" \/>\n<meta name=\"twitter:card\" content=\"summary_large_image\" \/>\n<meta name=\"twitter:label1\" content=\"Estimated reading time\" \/>\n\t<meta name=\"twitter:data1\" content=\"3 minutes\" \/>\n<script type=\"application\/ld+json\" class=\"yoast-schema-graph\">{\"@context\":\"https:\\\/\\\/schema.org\",\"@graph\":[{\"@type\":\"WebPage\",\"@id\":\"https:\\\/\\\/www.moon-springers.com\\\/bemutatkozas\\\/\",\"url\":\"https:\\\/\\\/www.moon-springers.com\\\/bemutatkozas\\\/\",\"name\":\"Bemutatkoz\u00e1s - Moon-Springers\",\"isPartOf\":{\"@id\":\"https:\\\/\\\/www.moon-springers.com\\\/#website\"},\"primaryImageOfPage\":{\"@id\":\"https:\\\/\\\/www.moon-springers.com\\\/bemutatkozas\\\/#primaryimage\"},\"image\":{\"@id\":\"https:\\\/\\\/www.moon-springers.com\\\/bemutatkozas\\\/#primaryimage\"},\"thumbnailUrl\":\"https:\\\/\\\/www.moon-springers.com\\\/wp-content\\\/uploads\\\/2024\\\/12\\\/01A313801-kicsi.jpg\",\"datePublished\":\"2021-11-18T16:14:36+00:00\",\"dateModified\":\"2024-12-04T07:53:19+00:00\",\"breadcrumb\":{\"@id\":\"https:\\\/\\\/www.moon-springers.com\\\/bemutatkozas\\\/#breadcrumb\"},\"inLanguage\":\"en-GB\",\"potentialAction\":[{\"@type\":\"ReadAction\",\"target\":[\"https:\\\/\\\/www.moon-springers.com\\\/bemutatkozas\\\/\"]}]},{\"@type\":\"ImageObject\",\"inLanguage\":\"en-GB\",\"@id\":\"https:\\\/\\\/www.moon-springers.com\\\/bemutatkozas\\\/#primaryimage\",\"url\":\"https:\\\/\\\/www.moon-springers.com\\\/wp-content\\\/uploads\\\/2024\\\/12\\\/01A313801-kicsi.jpg\",\"contentUrl\":\"https:\\\/\\\/www.moon-springers.com\\\/wp-content\\\/uploads\\\/2024\\\/12\\\/01A313801-kicsi.jpg\"},{\"@type\":\"BreadcrumbList\",\"@id\":\"https:\\\/\\\/www.moon-springers.com\\\/bemutatkozas\\\/#breadcrumb\",\"itemListElement\":[{\"@type\":\"ListItem\",\"position\":1,\"name\":\"Kezd\u0151lap\",\"item\":\"https:\\\/\\\/www.moon-springers.com\\\/\"},{\"@type\":\"ListItem\",\"position\":2,\"name\":\"Bemutatkoz\u00e1s\"}]},{\"@type\":\"WebSite\",\"@id\":\"https:\\\/\\\/www.moon-springers.com\\\/#website\",\"url\":\"https:\\\/\\\/www.moon-springers.com\\\/\",\"name\":\"Moon-Springers\",\"description\":\"Angol Springer Sp\u00e1niel Kennel\",\"publisher\":{\"@id\":\"https:\\\/\\\/www.moon-springers.com\\\/#\\\/schema\\\/person\\\/570d2cf3969689b1b80e585339cf119b\"},\"potentialAction\":[{\"@type\":\"SearchAction\",\"target\":{\"@type\":\"EntryPoint\",\"urlTemplate\":\"https:\\\/\\\/www.moon-springers.com\\\/?s={search_term_string}\"},\"query-input\":{\"@type\":\"PropertyValueSpecification\",\"valueRequired\":true,\"valueName\":\"search_term_string\"}}],\"inLanguage\":\"en-GB\"},{\"@type\":[\"Person\",\"Organization\"],\"@id\":\"https:\\\/\\\/www.moon-springers.com\\\/#\\\/schema\\\/person\\\/570d2cf3969689b1b80e585339cf119b\",\"name\":\"gmcsilla\",\"image\":{\"@type\":\"ImageObject\",\"inLanguage\":\"en-GB\",\"@id\":\"https:\\\/\\\/www.moon-springers.com\\\/wp-content\\\/uploads\\\/2021\\\/11\\\/moonspringers-logo-fbra-211111-scaled.jpg\",\"url\":\"https:\\\/\\\/www.moon-springers.com\\\/wp-content\\\/uploads\\\/2021\\\/11\\\/moonspringers-logo-fbra-211111-scaled.jpg\",\"contentUrl\":\"https:\\\/\\\/www.moon-springers.com\\\/wp-content\\\/uploads\\\/2021\\\/11\\\/moonspringers-logo-fbra-211111-scaled.jpg\",\"width\":2550,\"height\":2560,\"caption\":\"gmcsilla\"},\"logo\":{\"@id\":\"https:\\\/\\\/www.moon-springers.com\\\/wp-content\\\/uploads\\\/2021\\\/11\\\/moonspringers-logo-fbra-211111-scaled.jpg\"},\"sameAs\":[\"http:\\\/\\\/www.moon-springers.com\",\"https:\\\/\\\/www.facebook.com\\\/MoonSpringers\"]}]}<\/script>\n<!-- \/ Yoast SEO plugin. -->","yoast_head_json":{"title":"Bemutatkoz\u00e1s - Moon-Springers","robots":{"index":"index","follow":"follow","max-snippet":"max-snippet:-1","max-image-preview":"max-image-preview:large","max-video-preview":"max-video-preview:-1"},"canonical":"https:\/\/www.moon-springers.com\/en\/bemutatkozas\/","og_locale":"en_GB","og_type":"article","og_title":"Bemutatkoz\u00e1s - Moon-Springers","og_description":"Gomb\u00e1sn\u00e9 Magyar Csilla vagyok, a \u201eMoon-Springers\u201d angol springer sp\u00e1niel kennel alap\u00edt\u00f3ja. R\u00e9gi \u00e1lmom v\u00e1lt val\u00f3ra azzal, hogy springer tulajdonoss\u00e1 v\u00e1lhattam. Mindig sp\u00e1nieljeim voltak, az els\u0151&hellip;","og_url":"https:\/\/www.moon-springers.com\/en\/bemutatkozas\/","og_site_name":"Moon-Springers","article_publisher":"https:\/\/www.facebook.com\/MoonSpringers","article_modified_time":"2024-12-04T07:53:19+00:00","og_image":[{"width":1000,"height":667,"url":"https:\/\/www.moon-springers.com\/wp-content\/uploads\/2024\/12\/01A313801-kicsi.jpg","type":"image\/jpeg"}],"twitter_card":"summary_large_image","twitter_misc":{"Estimated reading time":"3 minutes"},"schema":{"@context":"https:\/\/schema.org","@graph":[{"@type":"WebPage","@id":"https:\/\/www.moon-springers.com\/bemutatkozas\/","url":"https:\/\/www.moon-springers.com\/bemutatkozas\/","name":"Bemutatkoz\u00e1s - Moon-Springers","isPartOf":{"@id":"https:\/\/www.moon-springers.com\/#website"},"primaryImageOfPage":{"@id":"https:\/\/www.moon-springers.com\/bemutatkozas\/#primaryimage"},"image":{"@id":"https:\/\/www.moon-springers.com\/bemutatkozas\/#primaryimage"},"thumbnailUrl":"https:\/\/www.moon-springers.com\/wp-content\/uploads\/2024\/12\/01A313801-kicsi.jpg","datePublished":"2021-11-18T16:14:36+00:00","dateModified":"2024-12-04T07:53:19+00:00","breadcrumb":{"@id":"https:\/\/www.moon-springers.com\/bemutatkozas\/#breadcrumb"},"inLanguage":"en-GB","potentialAction":[{"@type":"ReadAction","target":["https:\/\/www.moon-springers.com\/bemutatkozas\/"]}]},{"@type":"ImageObject","inLanguage":"en-GB","@id":"https:\/\/www.moon-springers.com\/bemutatkozas\/#primaryimage","url":"https:\/\/www.moon-springers.com\/wp-content\/uploads\/2024\/12\/01A313801-kicsi.jpg","contentUrl":"https:\/\/www.moon-springers.com\/wp-content\/uploads\/2024\/12\/01A313801-kicsi.jpg"},{"@type":"BreadcrumbList","@id":"https:\/\/www.moon-springers.com\/bemutatkozas\/#breadcrumb","itemListElement":[{"@type":"ListItem","position":1,"name":"Kezd\u0151lap","item":"https:\/\/www.moon-springers.com\/"},{"@type":"ListItem","position":2,"name":"Bemutatkoz\u00e1s"}]},{"@type":"WebSite","@id":"https:\/\/www.moon-springers.com\/#website","url":"https:\/\/www.moon-springers.com\/","name":"Moon-Springers","description":"English Springer Spaniel Kennel","publisher":{"@id":"https:\/\/www.moon-springers.com\/#\/schema\/person\/570d2cf3969689b1b80e585339cf119b"},"potentialAction":[{"@type":"SearchAction","target":{"@type":"EntryPoint","urlTemplate":"https:\/\/www.moon-springers.com\/?s={search_term_string}"},"query-input":{"@type":"PropertyValueSpecification","valueRequired":true,"valueName":"search_term_string"}}],"inLanguage":"en-GB"},{"@type":["Person","Organization"],"@id":"https:\/\/www.moon-springers.com\/#\/schema\/person\/570d2cf3969689b1b80e585339cf119b","name":"gmcsilla","image":{"@type":"ImageObject","inLanguage":"en-GB","@id":"https:\/\/www.moon-springers.com\/wp-content\/uploads\/2021\/11\/moonspringers-logo-fbra-211111-scaled.jpg","url":"https:\/\/www.moon-springers.com\/wp-content\/uploads\/2021\/11\/moonspringers-logo-fbra-211111-scaled.jpg","contentUrl":"https:\/\/www.moon-springers.com\/wp-content\/uploads\/2021\/11\/moonspringers-logo-fbra-211111-scaled.jpg","width":2550,"height":2560,"caption":"gmcsilla"},"logo":{"@id":"https:\/\/www.moon-springers.com\/wp-content\/uploads\/2021\/11\/moonspringers-logo-fbra-211111-scaled.jpg"},"sameAs":["http:\/\/www.moon-springers.com","https:\/\/www.facebook.com\/MoonSpringers"]}]}},"_links":{"self":[{"href":"https:\/\/www.moon-springers.com\/en\/wp-json\/wp\/v2\/pages\/35","targetHints":{"allow":["GET"]}}],"collection":[{"href":"https:\/\/www.moon-springers.com\/en\/wp-json\/wp\/v2\/pages"}],"about":[{"href":"https:\/\/www.moon-springers.com\/en\/wp-json\/wp\/v2\/types\/page"}],"author":[{"embeddable":true,"href":"https:\/\/www.moon-springers.com\/en\/wp-json\/wp\/v2\/users\/1"}],"replies":[{"embeddable":true,"href":"https:\/\/www.moon-springers.com\/en\/wp-json\/wp\/v2\/comments?post=35"}],"version-history":[{"count":7,"href":"https:\/\/www.moon-springers.com\/en\/wp-json\/wp\/v2\/pages\/35\/revisions"}],"predecessor-version":[{"id":699,"href":"https:\/\/www.moon-springers.com\/en\/wp-json\/wp\/v2\/pages\/35\/revisions\/699"}],"wp:attachment":[{"href":"https:\/\/www.moon-springers.com\/en\/wp-json\/wp\/v2\/media?parent=35"}],"curies":[{"name":"wp","href":"https:\/\/api.w.org\/{rel}","templated":true}]}}