{"id":143,"date":"2021-12-01T16:10:04","date_gmt":"2021-12-01T16:10:04","guid":{"rendered":"https:\/\/www.moon-springers.com\/?page_id=143"},"modified":"2021-12-09T11:34:40","modified_gmt":"2021-12-09T11:34:40","slug":"angol-springer-spaniel-kennel-minosegi-kolykok-tenyesztese","status":"publish","type":"page","link":"https:\/\/www.moon-springers.com\/en\/","title":{"rendered":""},"content":{"rendered":"<figure class=\"wp-block-image size-large\"><a href=\"https:\/\/www.moon-springers.com\/en\/hirek\/\"><img loading=\"lazy\" decoding=\"async\" width=\"1019\" height=\"1024\" src=\"http:\/\/www.moon-springers.com\/wp-content\/uploads\/2021\/11\/cropped-moonspringers-logo-fbra-211111-scaled-1-1019x1024.jpg\" alt=\"\" class=\"wp-image-11\" srcset=\"https:\/\/www.moon-springers.com\/wp-content\/uploads\/2021\/11\/cropped-moonspringers-logo-fbra-211111-scaled-1-1019x1024.jpg 1019w, https:\/\/www.moon-springers.com\/wp-content\/uploads\/2021\/11\/cropped-moonspringers-logo-fbra-211111-scaled-1-300x300.jpg 300w, https:\/\/www.moon-springers.com\/wp-content\/uploads\/2021\/11\/cropped-moonspringers-logo-fbra-211111-scaled-1-150x150.jpg 150w, https:\/\/www.moon-springers.com\/wp-content\/uploads\/2021\/11\/cropped-moonspringers-logo-fbra-211111-scaled-1-768x772.jpg 768w, https:\/\/www.moon-springers.com\/wp-content\/uploads\/2021\/11\/cropped-moonspringers-logo-fbra-211111-scaled-1-1529x1536.jpg 1529w, https:\/\/www.moon-springers.com\/wp-content\/uploads\/2021\/11\/cropped-moonspringers-logo-fbra-211111-scaled-1-2038x2048.jpg 2038w, https:\/\/www.moon-springers.com\/wp-content\/uploads\/2021\/11\/cropped-moonspringers-logo-fbra-211111-scaled-1-1568x1575.jpg 1568w\" sizes=\"auto, (max-width: 1019px) 100vw, 1019px\" \/><\/a><\/figure>\n\n\n\n<div class=\"wp-block-columns is-layout-flex wp-container-core-columns-is-layout-9d6595d7 wp-block-columns-is-layout-flex\">\n<div class=\"wp-block-column is-layout-flow wp-block-column-is-layout-flow\" style=\"flex-basis:100%\">\n<div class=\"wp-block-image\"><figure class=\"alignleft size-full is-resized\"><img loading=\"lazy\" decoding=\"async\" src=\"https:\/\/www.moon-springers.com\/wp-content\/uploads\/2021\/12\/FCI-logo.png\" alt=\"\" class=\"wp-image-173\" width=\"98\" height=\"98\" srcset=\"https:\/\/www.moon-springers.com\/wp-content\/uploads\/2021\/12\/FCI-logo.png 225w, https:\/\/www.moon-springers.com\/wp-content\/uploads\/2021\/12\/FCI-logo-150x150.png 150w, https:\/\/www.moon-springers.com\/wp-content\/uploads\/2021\/12\/FCI-logo-12x12.png 12w\" sizes=\"auto, (max-width: 98px) 100vw, 98px\" \/><\/figure><\/div>\n\n\n\n<figure class=\"wp-block-image size-large is-resized\"><img loading=\"lazy\" decoding=\"async\" src=\"https:\/\/www.moon-springers.com\/wp-content\/uploads\/2021\/12\/meoesz-spaniel-logo-1024x428.jpg\" alt=\"\" class=\"wp-image-240\" width=\"259\" height=\"110\"\/><\/figure>\n\n\n\n<p>Welcome to the website of Moon-Springers English Springer Spaniel Kennel! If you have any questions please<strong><span class=\"has-inline-color has-blue-color\"> <\/span><em><mark><a href=\"https:\/\/www.moon-springers.com\/en\/elerhetoseg-kapcsolat-moon-springers\/\">Contact<\/a><\/mark><\/em><\/strong> me by email, phone or messenger. <\/p>\n<\/div>\n<\/div>\n\n\n\n<p><\/p>","protected":false},"excerpt":{"rendered":"<p>Szeretettel \u00fcdv\u00f6z\u00f6llek a Moon-Springers angol springer sp\u00e1niel kennel honlapj\u00e1n! K\u00e9rd\u00e9s eset\u00e9n fordulj hozz\u00e1m bizalommal a Kapcsolat men\u00fcpontban tal\u00e1lhat\u00f3 el\u00e9rhet\u0151s\u00e9geim valamelyik\u00e9n.<\/p>","protected":false},"author":1,"featured_media":0,"parent":0,"menu_order":0,"comment_status":"closed","ping_status":"closed","template":"","meta":{"footnotes":""},"class_list":["post-143","page","type-page","status-publish","hentry","no-post-thumbnail"],"yoast_head":"<!-- This site is optimized with the Yoast SEO plugin v27.4 - https:\/\/yoast.com\/product\/yoast-seo-wordpress\/ -->\n<title>Moon-Springers - Angol Springer Sp\u00e1niel Kennel<\/title>\n<meta name=\"description\" content=\"Kis, csal\u00e1di, &quot;show&quot; t\u00edpus\u00fa angol springer sp\u00e1niel kennel (english springer spaniel kennel)- c\u00e9lunk a t\u00f6k\u00e9letes eg\u00e9szs\u00e9g\u0171, nagyszer\u0171 v\u00e9rm\u00e9rs\u00e9klet\u0171, gy\u00f6ny\u00f6r\u0171 k\u00fcllem\u0171 k\u00f6lyk\u00f6k teny\u00e9szt\u00e9se.\" \/>\n<meta name=\"robots\" content=\"index, follow, max-snippet:-1, max-image-preview:large, max-video-preview:-1\" \/>\n<link rel=\"canonical\" href=\"https:\/\/www.moon-springers.com\/en\/\" \/>\n<meta property=\"og:locale\" content=\"en_GB\" \/>\n<meta property=\"og:type\" content=\"article\" \/>\n<meta property=\"og:title\" content=\"Moon-Springers - Angol Springer Sp\u00e1niel Kennel\" \/>\n<meta property=\"og:description\" content=\"Kis, csal\u00e1di, &quot;show&quot; t\u00edpus\u00fa angol springer sp\u00e1niel kennel (english springer spaniel kennel)- c\u00e9lunk a t\u00f6k\u00e9letes eg\u00e9szs\u00e9g\u0171, nagyszer\u0171 v\u00e9rm\u00e9rs\u00e9klet\u0171, gy\u00f6ny\u00f6r\u0171 k\u00fcllem\u0171 k\u00f6lyk\u00f6k teny\u00e9szt\u00e9se.\" \/>\n<meta property=\"og:url\" content=\"https:\/\/www.moon-springers.com\/en\/\" \/>\n<meta property=\"og:site_name\" content=\"Moon-Springers\" \/>\n<meta property=\"article:publisher\" content=\"https:\/\/www.facebook.com\/MoonSpringers\" \/>\n<meta property=\"article:modified_time\" content=\"2021-12-09T11:34:40+00:00\" \/>\n<meta property=\"og:image\" content=\"https:\/\/www.moon-springers.com\/wp-content\/uploads\/2021\/11\/moonspringers-logo-fbra-211111-scaled.jpg\" \/>\n\t<meta property=\"og:image:width\" content=\"2550\" \/>\n\t<meta property=\"og:image:height\" content=\"2560\" \/>\n\t<meta property=\"og:image:type\" content=\"image\/jpeg\" \/>\n<meta name=\"twitter:card\" content=\"summary_large_image\" \/>\n<meta name=\"twitter:label1\" content=\"Estimated reading time\" \/>\n\t<meta name=\"twitter:data1\" content=\"1 minute\" \/>\n<script type=\"application\/ld+json\" class=\"yoast-schema-graph\">{\"@context\":\"https:\\\/\\\/schema.org\",\"@graph\":[{\"@type\":\"WebPage\",\"@id\":\"https:\\\/\\\/www.moon-springers.com\\\/\",\"url\":\"https:\\\/\\\/www.moon-springers.com\\\/\",\"name\":\"Moon-Springers - Angol Springer Sp\u00e1niel Kennel\",\"isPartOf\":{\"@id\":\"https:\\\/\\\/www.moon-springers.com\\\/#website\"},\"primaryImageOfPage\":{\"@id\":\"https:\\\/\\\/www.moon-springers.com\\\/#primaryimage\"},\"image\":{\"@id\":\"https:\\\/\\\/www.moon-springers.com\\\/#primaryimage\"},\"thumbnailUrl\":\"http:\\\/\\\/www.moon-springers.com\\\/wp-content\\\/uploads\\\/2021\\\/11\\\/cropped-moonspringers-logo-fbra-211111-scaled-1-1019x1024.jpg\",\"datePublished\":\"2021-12-01T16:10:04+00:00\",\"dateModified\":\"2021-12-09T11:34:40+00:00\",\"description\":\"Kis, csal\u00e1di, \\\"show\\\" t\u00edpus\u00fa angol springer sp\u00e1niel kennel (english springer spaniel kennel)- c\u00e9lunk a t\u00f6k\u00e9letes eg\u00e9szs\u00e9g\u0171, nagyszer\u0171 v\u00e9rm\u00e9rs\u00e9klet\u0171, gy\u00f6ny\u00f6r\u0171 k\u00fcllem\u0171 k\u00f6lyk\u00f6k teny\u00e9szt\u00e9se.\",\"inLanguage\":\"en-GB\",\"potentialAction\":[{\"@type\":\"ReadAction\",\"target\":[\"https:\\\/\\\/www.moon-springers.com\\\/\"]}]},{\"@type\":\"ImageObject\",\"inLanguage\":\"en-GB\",\"@id\":\"https:\\\/\\\/www.moon-springers.com\\\/#primaryimage\",\"url\":\"http:\\\/\\\/www.moon-springers.com\\\/wp-content\\\/uploads\\\/2021\\\/11\\\/cropped-moonspringers-logo-fbra-211111-scaled-1-1019x1024.jpg\",\"contentUrl\":\"http:\\\/\\\/www.moon-springers.com\\\/wp-content\\\/uploads\\\/2021\\\/11\\\/cropped-moonspringers-logo-fbra-211111-scaled-1-1019x1024.jpg\"},{\"@type\":\"WebSite\",\"@id\":\"https:\\\/\\\/www.moon-springers.com\\\/#website\",\"url\":\"https:\\\/\\\/www.moon-springers.com\\\/\",\"name\":\"Moon-Springers\",\"description\":\"Angol Springer Sp\u00e1niel Kennel\",\"publisher\":{\"@id\":\"https:\\\/\\\/www.moon-springers.com\\\/#\\\/schema\\\/person\\\/570d2cf3969689b1b80e585339cf119b\"},\"potentialAction\":[{\"@type\":\"SearchAction\",\"target\":{\"@type\":\"EntryPoint\",\"urlTemplate\":\"https:\\\/\\\/www.moon-springers.com\\\/?s={search_term_string}\"},\"query-input\":{\"@type\":\"PropertyValueSpecification\",\"valueRequired\":true,\"valueName\":\"search_term_string\"}}],\"inLanguage\":\"en-GB\"},{\"@type\":[\"Person\",\"Organization\"],\"@id\":\"https:\\\/\\\/www.moon-springers.com\\\/#\\\/schema\\\/person\\\/570d2cf3969689b1b80e585339cf119b\",\"name\":\"gmcsilla\",\"image\":{\"@type\":\"ImageObject\",\"inLanguage\":\"en-GB\",\"@id\":\"https:\\\/\\\/www.moon-springers.com\\\/wp-content\\\/uploads\\\/2021\\\/11\\\/moonspringers-logo-fbra-211111-scaled.jpg\",\"url\":\"https:\\\/\\\/www.moon-springers.com\\\/wp-content\\\/uploads\\\/2021\\\/11\\\/moonspringers-logo-fbra-211111-scaled.jpg\",\"contentUrl\":\"https:\\\/\\\/www.moon-springers.com\\\/wp-content\\\/uploads\\\/2021\\\/11\\\/moonspringers-logo-fbra-211111-scaled.jpg\",\"width\":2550,\"height\":2560,\"caption\":\"gmcsilla\"},\"logo\":{\"@id\":\"https:\\\/\\\/www.moon-springers.com\\\/wp-content\\\/uploads\\\/2021\\\/11\\\/moonspringers-logo-fbra-211111-scaled.jpg\"},\"sameAs\":[\"http:\\\/\\\/www.moon-springers.com\",\"https:\\\/\\\/www.facebook.com\\\/MoonSpringers\"]}]}<\/script>\n<!-- \/ Yoast SEO plugin. -->","yoast_head_json":{"title":"Moon-Springers - Angol Springer Sp\u00e1niel Kennel","description":"Kis, csal\u00e1di, \"show\" t\u00edpus\u00fa angol springer sp\u00e1niel kennel (english springer spaniel kennel)- c\u00e9lunk a t\u00f6k\u00e9letes eg\u00e9szs\u00e9g\u0171, nagyszer\u0171 v\u00e9rm\u00e9rs\u00e9klet\u0171, gy\u00f6ny\u00f6r\u0171 k\u00fcllem\u0171 k\u00f6lyk\u00f6k teny\u00e9szt\u00e9se.","robots":{"index":"index","follow":"follow","max-snippet":"max-snippet:-1","max-image-preview":"max-image-preview:large","max-video-preview":"max-video-preview:-1"},"canonical":"https:\/\/www.moon-springers.com\/en\/","og_locale":"en_GB","og_type":"article","og_title":"Moon-Springers - Angol Springer Sp\u00e1niel Kennel","og_description":"Kis, csal\u00e1di, \"show\" t\u00edpus\u00fa angol springer sp\u00e1niel kennel (english springer spaniel kennel)- c\u00e9lunk a t\u00f6k\u00e9letes eg\u00e9szs\u00e9g\u0171, nagyszer\u0171 v\u00e9rm\u00e9rs\u00e9klet\u0171, gy\u00f6ny\u00f6r\u0171 k\u00fcllem\u0171 k\u00f6lyk\u00f6k teny\u00e9szt\u00e9se.","og_url":"https:\/\/www.moon-springers.com\/en\/","og_site_name":"Moon-Springers","article_publisher":"https:\/\/www.facebook.com\/MoonSpringers","article_modified_time":"2021-12-09T11:34:40+00:00","og_image":[{"width":2550,"height":2560,"url":"https:\/\/www.moon-springers.com\/wp-content\/uploads\/2021\/11\/moonspringers-logo-fbra-211111-scaled.jpg","type":"image\/jpeg"}],"twitter_card":"summary_large_image","twitter_misc":{"Estimated reading time":"1 minute"},"schema":{"@context":"https:\/\/schema.org","@graph":[{"@type":"WebPage","@id":"https:\/\/www.moon-springers.com\/","url":"https:\/\/www.moon-springers.com\/","name":"Moon-Springers - Angol Springer Sp\u00e1niel Kennel","isPartOf":{"@id":"https:\/\/www.moon-springers.com\/#website"},"primaryImageOfPage":{"@id":"https:\/\/www.moon-springers.com\/#primaryimage"},"image":{"@id":"https:\/\/www.moon-springers.com\/#primaryimage"},"thumbnailUrl":"http:\/\/www.moon-springers.com\/wp-content\/uploads\/2021\/11\/cropped-moonspringers-logo-fbra-211111-scaled-1-1019x1024.jpg","datePublished":"2021-12-01T16:10:04+00:00","dateModified":"2021-12-09T11:34:40+00:00","description":"Kis, csal\u00e1di, \"show\" t\u00edpus\u00fa angol springer sp\u00e1niel kennel (english springer spaniel kennel)- c\u00e9lunk a t\u00f6k\u00e9letes eg\u00e9szs\u00e9g\u0171, nagyszer\u0171 v\u00e9rm\u00e9rs\u00e9klet\u0171, gy\u00f6ny\u00f6r\u0171 k\u00fcllem\u0171 k\u00f6lyk\u00f6k teny\u00e9szt\u00e9se.","inLanguage":"en-GB","potentialAction":[{"@type":"ReadAction","target":["https:\/\/www.moon-springers.com\/"]}]},{"@type":"ImageObject","inLanguage":"en-GB","@id":"https:\/\/www.moon-springers.com\/#primaryimage","url":"http:\/\/www.moon-springers.com\/wp-content\/uploads\/2021\/11\/cropped-moonspringers-logo-fbra-211111-scaled-1-1019x1024.jpg","contentUrl":"http:\/\/www.moon-springers.com\/wp-content\/uploads\/2021\/11\/cropped-moonspringers-logo-fbra-211111-scaled-1-1019x1024.jpg"},{"@type":"WebSite","@id":"https:\/\/www.moon-springers.com\/#website","url":"https:\/\/www.moon-springers.com\/","name":"Moon-Springers","description":"English Springer Spaniel Kennel","publisher":{"@id":"https:\/\/www.moon-springers.com\/#\/schema\/person\/570d2cf3969689b1b80e585339cf119b"},"potentialAction":[{"@type":"SearchAction","target":{"@type":"EntryPoint","urlTemplate":"https:\/\/www.moon-springers.com\/?s={search_term_string}"},"query-input":{"@type":"PropertyValueSpecification","valueRequired":true,"valueName":"search_term_string"}}],"inLanguage":"en-GB"},{"@type":["Person","Organization"],"@id":"https:\/\/www.moon-springers.com\/#\/schema\/person\/570d2cf3969689b1b80e585339cf119b","name":"gmcsilla","image":{"@type":"ImageObject","inLanguage":"en-GB","@id":"https:\/\/www.moon-springers.com\/wp-content\/uploads\/2021\/11\/moonspringers-logo-fbra-211111-scaled.jpg","url":"https:\/\/www.moon-springers.com\/wp-content\/uploads\/2021\/11\/moonspringers-logo-fbra-211111-scaled.jpg","contentUrl":"https:\/\/www.moon-springers.com\/wp-content\/uploads\/2021\/11\/moonspringers-logo-fbra-211111-scaled.jpg","width":2550,"height":2560,"caption":"gmcsilla"},"logo":{"@id":"https:\/\/www.moon-springers.com\/wp-content\/uploads\/2021\/11\/moonspringers-logo-fbra-211111-scaled.jpg"},"sameAs":["http:\/\/www.moon-springers.com","https:\/\/www.facebook.com\/MoonSpringers"]}]}},"_links":{"self":[{"href":"https:\/\/www.moon-springers.com\/en\/wp-json\/wp\/v2\/pages\/143","targetHints":{"allow":["GET"]}}],"collection":[{"href":"https:\/\/www.moon-springers.com\/en\/wp-json\/wp\/v2\/pages"}],"about":[{"href":"https:\/\/www.moon-springers.com\/en\/wp-json\/wp\/v2\/types\/page"}],"author":[{"embeddable":true,"href":"https:\/\/www.moon-springers.com\/en\/wp-json\/wp\/v2\/users\/1"}],"replies":[{"embeddable":true,"href":"https:\/\/www.moon-springers.com\/en\/wp-json\/wp\/v2\/comments?post=143"}],"version-history":[{"count":13,"href":"https:\/\/www.moon-springers.com\/en\/wp-json\/wp\/v2\/pages\/143\/revisions"}],"predecessor-version":[{"id":241,"href":"https:\/\/www.moon-springers.com\/en\/wp-json\/wp\/v2\/pages\/143\/revisions\/241"}],"wp:attachment":[{"href":"https:\/\/www.moon-springers.com\/en\/wp-json\/wp\/v2\/media?parent=143"}],"curies":[{"name":"wp","href":"https:\/\/api.w.org\/{rel}","templated":true}]}}