{"id":104,"date":"2021-11-25T08:21:45","date_gmt":"2021-11-25T08:21:45","guid":{"rendered":"https:\/\/www.moon-springers.com\/?page_id=104"},"modified":"2024-12-11T18:55:50","modified_gmt":"2024-12-11T18:55:50","slug":"angol-springer-spaniel-kulleme","status":"publish","type":"page","link":"https:\/\/www.moon-springers.com\/en\/angol-springer-spaniel-kulleme\/","title":{"rendered":"Outlook"},"content":{"rendered":"<div class=\"wp-block-image is-resized\">\n<figure class=\"aligncenter size-full\"><img loading=\"lazy\" decoding=\"async\" width=\"1000\" height=\"763\" src=\"https:\/\/www.moon-springers.com\/wp-content\/uploads\/2024\/12\/Komarom-2021-1.jpg\" alt=\"\" class=\"wp-image-761\" srcset=\"https:\/\/www.moon-springers.com\/wp-content\/uploads\/2024\/12\/Komarom-2021-1.jpg 1000w, https:\/\/www.moon-springers.com\/wp-content\/uploads\/2024\/12\/Komarom-2021-1-300x229.jpg 300w, https:\/\/www.moon-springers.com\/wp-content\/uploads\/2024\/12\/Komarom-2021-1-768x586.jpg 768w, https:\/\/www.moon-springers.com\/wp-content\/uploads\/2024\/12\/Komarom-2021-1-16x12.jpg 16w, https:\/\/www.moon-springers.com\/wp-content\/uploads\/2024\/12\/Komarom-2021-1-490x375.jpg 490w\" sizes=\"auto, (max-width: 1000px) 100vw, 1000px\" \/><\/figure>\n<\/div>\n\n\n<p>The English Springer Spaniel is a medium-sized, symmetrically built, compact, strong, active dog with long, decorative coat. Highest on leg and raciest in build of all British land Spaniels. He must not be like a big cocker - while the cocker is square, the springer should be a little bit longer, still, compact. Its overall structure shows well the ability to work hard, hunt, run, jump, with well angulated front and hind legs, strong, quality bones, small stuffed paws, deep chest, well arched ribs, strong joints. The bones are strong but not rough, it is very important that the overall effect of the springer reflects elegance and nobility.<\/p>\n\n\n\n<p>His head and gaze are very characteristic \u2014 his almond-shaped, brown eyes reveal his kind, tender, devoted, intelligent, and affectionate nature. The eyes are medium-sized, almond-shaped, neither protruding nor too deep set, the conjunctiva must not be visible. Its color is dark hazel - light eyes are quite common but not desirable - it is related to the liver color genes, but detracts from the kind expression of the eyes. Also the head is not a cocker's head, with a fairly broad, slightly convex skull, a part of the face in balance with it, which is sufficiently deep and wide, with well-developed nostrils. Between the two eyes, in the longitudinal direction of the forehead, a groove of gradually decreasing depth runs backwards towards the occipital bone. The occipital bone is not pronounced. The facial part is subtly drawn under the eyes, which contributes to the nobility and quality of the head. A skull that is too wide, too coarse, and \u201ctoo many lips and lobes\u201d is not elegant, while a narrow, too fine skull is not typical.<\/p>\n\n\n<div class=\"wp-block-image is-resized\">\n<figure class=\"aligncenter size-large\"><img loading=\"lazy\" decoding=\"async\" width=\"767\" height=\"1024\" src=\"https:\/\/www.moon-springers.com\/wp-content\/uploads\/2021\/12\/Egy-gyonyoru-springer-fej-Trollanges-SHE-767x1024.jpg\" alt=\"\" class=\"wp-image-193\" style=\"width:543px;height:auto\" srcset=\"https:\/\/www.moon-springers.com\/wp-content\/uploads\/2021\/12\/Egy-gyonyoru-springer-fej-Trollanges-SHE-767x1024.jpg 767w, https:\/\/www.moon-springers.com\/wp-content\/uploads\/2021\/12\/Egy-gyonyoru-springer-fej-Trollanges-SHE-225x300.jpg 225w, https:\/\/www.moon-springers.com\/wp-content\/uploads\/2021\/12\/Egy-gyonyoru-springer-fej-Trollanges-SHE-768x1026.jpg 768w, https:\/\/www.moon-springers.com\/wp-content\/uploads\/2021\/12\/Egy-gyonyoru-springer-fej-Trollanges-SHE-1150x1536.jpg 1150w, https:\/\/www.moon-springers.com\/wp-content\/uploads\/2021\/12\/Egy-gyonyoru-springer-fej-Trollanges-SHE-1533x2048.jpg 1533w, https:\/\/www.moon-springers.com\/wp-content\/uploads\/2021\/12\/Egy-gyonyoru-springer-fej-Trollanges-SHE-9x12.jpg 9w, https:\/\/www.moon-springers.com\/wp-content\/uploads\/2021\/12\/Egy-gyonyoru-springer-fej-Trollanges-SHE-scaled.jpg 1916w\" sizes=\"auto, (max-width: 767px) 100vw, 767px\" \/><figcaption class=\"wp-element-caption\">A beautiful, typical head - Troll\u00e4ngens SHE<\/figcaption><\/figure>\n<\/div>\n\n\n<p>The ears are lobular, good length and width, fairly close to head, set in line with eye. Nicely feathered. Jaws strong, with a perfect, regular and complete scissor bite, i.e. upper teeth closely overlapping lower teeth and set square to the jaws. Neck is good length, strong and muscular, free from throatiness, slightly arched, tapering towards head. Forelegs are straight and well boned. Shoulders sloping and well laid. Elbows set well to body. Strong flexible pasterns. Chest is strong, neither too long nor too short. Backline is straight and close to horizontal. Chest deep, well developed. Well sprung ribs. Loin muscular, strong with slight arch and well coupled. Hindlegs well let down. Stifles and hocks moderately bent. Thighs broad, muscular, well developed. Coarse hocks undesirable.<\/p>\n\n\n\n<p>Tight, compact, well rounded, with strong, full pads. \"Cat-paws\")<\/p>\n\n\n\n<p>Tail is set low, never carried above level of back. Well feathered with lively action. In balance with the rest of the dog. Previously customarily docked.<\/p>\n\n\n\n<p>the movement is strictly his own. Forelegs swing straight forward from shoulder, throwing feet well forward in an easy free manner. Hocks driving well under body, following in line with forelegs. This special movement is a very important value of the breed, has to be preserved. (At slow movement may have a pacing stride typical of this breed.)<\/p>\n\n\n\n<p>The coat is close, straight and weather resisting, never coarse. Moderate feathering on ears, forelegs, body and hindquarters. The colours: Liver and white, black and white, or either of these colours with tan markings.<\/p>\n\n\n\n<p>Approximate height: 51 cms (20 ins). (Bitches a bit smaller, males a bit larger.)<\/p>\n\n\n\n<figure class=\"wp-block-image size-full\"><img loading=\"lazy\" decoding=\"async\" width=\"1000\" height=\"667\" src=\"https:\/\/www.moon-springers.com\/wp-content\/uploads\/2024\/12\/Rori-Bratislava-20240121-fut.jpg\" alt=\"\" class=\"wp-image-687\" srcset=\"https:\/\/www.moon-springers.com\/wp-content\/uploads\/2024\/12\/Rori-Bratislava-20240121-fut.jpg 1000w, https:\/\/www.moon-springers.com\/wp-content\/uploads\/2024\/12\/Rori-Bratislava-20240121-fut-300x200.jpg 300w, https:\/\/www.moon-springers.com\/wp-content\/uploads\/2024\/12\/Rori-Bratislava-20240121-fut-768x512.jpg 768w, https:\/\/www.moon-springers.com\/wp-content\/uploads\/2024\/12\/Rori-Bratislava-20240121-fut-18x12.jpg 18w\" sizes=\"auto, (max-width: 1000px) 100vw, 1000px\" \/><\/figure>\n\n\n\n<p><a href=\"https:\/\/www.moon-springers.com\/en\/angol-springer-spaniel-jelleme\/\">Personality<\/a><\/p>","protected":false},"excerpt":{"rendered":"<p>Az angol springer sp\u00e1niel egy k\u00f6zepes termet\u0171, szimmetrikus fel\u00e9p\u00edt\u00e9s\u0171, kompakt, er\u0151s, akt\u00edv kutya, hossz\u00fa, dekorat\u00edv, \u00e1m j\u00f3l gondozhat\u00f3 sz\u0151rzettel. Az angol sz\u00e1razf\u00f6ldi sp\u00e1nielek k\u00f6z\u00fcl a&hellip;<\/p>","protected":false},"author":1,"featured_media":0,"parent":0,"menu_order":0,"comment_status":"closed","ping_status":"closed","template":"","meta":{"footnotes":""},"class_list":["post-104","page","type-page","status-publish","hentry","no-post-thumbnail"],"yoast_head":"<!-- This site is optimized with the Yoast SEO plugin v27.6 - https:\/\/yoast.com\/product\/yoast-seo-wordpress\/ -->\n<title>K\u00fclleme - Moon-Springers<\/title>\n<meta name=\"description\" content=\"Az angol springer sp\u00e1niel fajta bemutat\u00e1sa - k\u00fcllem\" \/>\n<meta name=\"robots\" content=\"index, follow, max-snippet:-1, max-image-preview:large, max-video-preview:-1\" \/>\n<link rel=\"canonical\" href=\"https:\/\/www.moon-springers.com\/en\/angol-springer-spaniel-kulleme\/\" \/>\n<meta property=\"og:locale\" content=\"en_GB\" \/>\n<meta property=\"og:type\" content=\"article\" \/>\n<meta property=\"og:title\" content=\"K\u00fclleme - Moon-Springers\" \/>\n<meta property=\"og:description\" content=\"Az angol springer sp\u00e1niel fajta bemutat\u00e1sa - k\u00fcllem\" \/>\n<meta property=\"og:url\" content=\"https:\/\/www.moon-springers.com\/en\/angol-springer-spaniel-kulleme\/\" \/>\n<meta property=\"og:site_name\" content=\"Moon-Springers\" \/>\n<meta property=\"article:publisher\" content=\"https:\/\/www.facebook.com\/MoonSpringers\" \/>\n<meta property=\"article:modified_time\" content=\"2024-12-11T18:55:50+00:00\" \/>\n<meta property=\"og:image\" content=\"https:\/\/www.moon-springers.com\/wp-content\/uploads\/2024\/12\/Komarom-2021-1.jpg\" \/>\n\t<meta property=\"og:image:width\" content=\"1000\" \/>\n\t<meta property=\"og:image:height\" content=\"763\" \/>\n\t<meta property=\"og:image:type\" content=\"image\/jpeg\" \/>\n<meta name=\"twitter:card\" content=\"summary_large_image\" \/>\n<meta name=\"twitter:label1\" content=\"Estimated reading time\" \/>\n\t<meta name=\"twitter:data1\" content=\"4 minutes\" \/>\n<script type=\"application\/ld+json\" class=\"yoast-schema-graph\">{\"@context\":\"https:\\\/\\\/schema.org\",\"@graph\":[{\"@type\":\"WebPage\",\"@id\":\"https:\\\/\\\/www.moon-springers.com\\\/angol-springer-spaniel-kulleme\\\/\",\"url\":\"https:\\\/\\\/www.moon-springers.com\\\/angol-springer-spaniel-kulleme\\\/\",\"name\":\"K\u00fclleme - Moon-Springers\",\"isPartOf\":{\"@id\":\"https:\\\/\\\/www.moon-springers.com\\\/#website\"},\"primaryImageOfPage\":{\"@id\":\"https:\\\/\\\/www.moon-springers.com\\\/angol-springer-spaniel-kulleme\\\/#primaryimage\"},\"image\":{\"@id\":\"https:\\\/\\\/www.moon-springers.com\\\/angol-springer-spaniel-kulleme\\\/#primaryimage\"},\"thumbnailUrl\":\"https:\\\/\\\/www.moon-springers.com\\\/wp-content\\\/uploads\\\/2024\\\/12\\\/Komarom-2021-1.jpg\",\"datePublished\":\"2021-11-25T08:21:45+00:00\",\"dateModified\":\"2024-12-11T18:55:50+00:00\",\"description\":\"Az angol springer sp\u00e1niel fajta bemutat\u00e1sa - k\u00fcllem\",\"breadcrumb\":{\"@id\":\"https:\\\/\\\/www.moon-springers.com\\\/angol-springer-spaniel-kulleme\\\/#breadcrumb\"},\"inLanguage\":\"en-GB\",\"potentialAction\":[{\"@type\":\"ReadAction\",\"target\":[\"https:\\\/\\\/www.moon-springers.com\\\/angol-springer-spaniel-kulleme\\\/\"]}]},{\"@type\":\"ImageObject\",\"inLanguage\":\"en-GB\",\"@id\":\"https:\\\/\\\/www.moon-springers.com\\\/angol-springer-spaniel-kulleme\\\/#primaryimage\",\"url\":\"https:\\\/\\\/www.moon-springers.com\\\/wp-content\\\/uploads\\\/2024\\\/12\\\/Komarom-2021-1.jpg\",\"contentUrl\":\"https:\\\/\\\/www.moon-springers.com\\\/wp-content\\\/uploads\\\/2024\\\/12\\\/Komarom-2021-1.jpg\"},{\"@type\":\"BreadcrumbList\",\"@id\":\"https:\\\/\\\/www.moon-springers.com\\\/angol-springer-spaniel-kulleme\\\/#breadcrumb\",\"itemListElement\":[{\"@type\":\"ListItem\",\"position\":1,\"name\":\"Kezd\u0151lap\",\"item\":\"https:\\\/\\\/www.moon-springers.com\\\/\"},{\"@type\":\"ListItem\",\"position\":2,\"name\":\"K\u00fclleme\"}]},{\"@type\":\"WebSite\",\"@id\":\"https:\\\/\\\/www.moon-springers.com\\\/#website\",\"url\":\"https:\\\/\\\/www.moon-springers.com\\\/\",\"name\":\"Moon-Springers\",\"description\":\"Angol Springer Sp\u00e1niel Kennel\",\"publisher\":{\"@id\":\"https:\\\/\\\/www.moon-springers.com\\\/#\\\/schema\\\/person\\\/570d2cf3969689b1b80e585339cf119b\"},\"potentialAction\":[{\"@type\":\"SearchAction\",\"target\":{\"@type\":\"EntryPoint\",\"urlTemplate\":\"https:\\\/\\\/www.moon-springers.com\\\/?s={search_term_string}\"},\"query-input\":{\"@type\":\"PropertyValueSpecification\",\"valueRequired\":true,\"valueName\":\"search_term_string\"}}],\"inLanguage\":\"en-GB\"},{\"@type\":[\"Person\",\"Organization\"],\"@id\":\"https:\\\/\\\/www.moon-springers.com\\\/#\\\/schema\\\/person\\\/570d2cf3969689b1b80e585339cf119b\",\"name\":\"gmcsilla\",\"image\":{\"@type\":\"ImageObject\",\"inLanguage\":\"en-GB\",\"@id\":\"https:\\\/\\\/www.moon-springers.com\\\/wp-content\\\/uploads\\\/2021\\\/11\\\/moonspringers-logo-fbra-211111-scaled.jpg\",\"url\":\"https:\\\/\\\/www.moon-springers.com\\\/wp-content\\\/uploads\\\/2021\\\/11\\\/moonspringers-logo-fbra-211111-scaled.jpg\",\"contentUrl\":\"https:\\\/\\\/www.moon-springers.com\\\/wp-content\\\/uploads\\\/2021\\\/11\\\/moonspringers-logo-fbra-211111-scaled.jpg\",\"width\":2550,\"height\":2560,\"caption\":\"gmcsilla\"},\"logo\":{\"@id\":\"https:\\\/\\\/www.moon-springers.com\\\/wp-content\\\/uploads\\\/2021\\\/11\\\/moonspringers-logo-fbra-211111-scaled.jpg\"},\"sameAs\":[\"http:\\\/\\\/www.moon-springers.com\",\"https:\\\/\\\/www.facebook.com\\\/MoonSpringers\"]}]}<\/script>\n<!-- \/ Yoast SEO plugin. -->","yoast_head_json":{"title":"K\u00fclleme - Moon-Springers","description":"Az angol springer sp\u00e1niel fajta bemutat\u00e1sa - k\u00fcllem","robots":{"index":"index","follow":"follow","max-snippet":"max-snippet:-1","max-image-preview":"max-image-preview:large","max-video-preview":"max-video-preview:-1"},"canonical":"https:\/\/www.moon-springers.com\/en\/angol-springer-spaniel-kulleme\/","og_locale":"en_GB","og_type":"article","og_title":"K\u00fclleme - Moon-Springers","og_description":"Az angol springer sp\u00e1niel fajta bemutat\u00e1sa - k\u00fcllem","og_url":"https:\/\/www.moon-springers.com\/en\/angol-springer-spaniel-kulleme\/","og_site_name":"Moon-Springers","article_publisher":"https:\/\/www.facebook.com\/MoonSpringers","article_modified_time":"2024-12-11T18:55:50+00:00","og_image":[{"width":1000,"height":763,"url":"https:\/\/www.moon-springers.com\/wp-content\/uploads\/2024\/12\/Komarom-2021-1.jpg","type":"image\/jpeg"}],"twitter_card":"summary_large_image","twitter_misc":{"Estimated reading time":"4 minutes"},"schema":{"@context":"https:\/\/schema.org","@graph":[{"@type":"WebPage","@id":"https:\/\/www.moon-springers.com\/angol-springer-spaniel-kulleme\/","url":"https:\/\/www.moon-springers.com\/angol-springer-spaniel-kulleme\/","name":"K\u00fclleme - Moon-Springers","isPartOf":{"@id":"https:\/\/www.moon-springers.com\/#website"},"primaryImageOfPage":{"@id":"https:\/\/www.moon-springers.com\/angol-springer-spaniel-kulleme\/#primaryimage"},"image":{"@id":"https:\/\/www.moon-springers.com\/angol-springer-spaniel-kulleme\/#primaryimage"},"thumbnailUrl":"https:\/\/www.moon-springers.com\/wp-content\/uploads\/2024\/12\/Komarom-2021-1.jpg","datePublished":"2021-11-25T08:21:45+00:00","dateModified":"2024-12-11T18:55:50+00:00","description":"Az angol springer sp\u00e1niel fajta bemutat\u00e1sa - k\u00fcllem","breadcrumb":{"@id":"https:\/\/www.moon-springers.com\/angol-springer-spaniel-kulleme\/#breadcrumb"},"inLanguage":"en-GB","potentialAction":[{"@type":"ReadAction","target":["https:\/\/www.moon-springers.com\/angol-springer-spaniel-kulleme\/"]}]},{"@type":"ImageObject","inLanguage":"en-GB","@id":"https:\/\/www.moon-springers.com\/angol-springer-spaniel-kulleme\/#primaryimage","url":"https:\/\/www.moon-springers.com\/wp-content\/uploads\/2024\/12\/Komarom-2021-1.jpg","contentUrl":"https:\/\/www.moon-springers.com\/wp-content\/uploads\/2024\/12\/Komarom-2021-1.jpg"},{"@type":"BreadcrumbList","@id":"https:\/\/www.moon-springers.com\/angol-springer-spaniel-kulleme\/#breadcrumb","itemListElement":[{"@type":"ListItem","position":1,"name":"Kezd\u0151lap","item":"https:\/\/www.moon-springers.com\/"},{"@type":"ListItem","position":2,"name":"K\u00fclleme"}]},{"@type":"WebSite","@id":"https:\/\/www.moon-springers.com\/#website","url":"https:\/\/www.moon-springers.com\/","name":"Moon-Springers","description":"English Springer Spaniel Kennel","publisher":{"@id":"https:\/\/www.moon-springers.com\/#\/schema\/person\/570d2cf3969689b1b80e585339cf119b"},"potentialAction":[{"@type":"SearchAction","target":{"@type":"EntryPoint","urlTemplate":"https:\/\/www.moon-springers.com\/?s={search_term_string}"},"query-input":{"@type":"PropertyValueSpecification","valueRequired":true,"valueName":"search_term_string"}}],"inLanguage":"en-GB"},{"@type":["Person","Organization"],"@id":"https:\/\/www.moon-springers.com\/#\/schema\/person\/570d2cf3969689b1b80e585339cf119b","name":"gmcsilla","image":{"@type":"ImageObject","inLanguage":"en-GB","@id":"https:\/\/www.moon-springers.com\/wp-content\/uploads\/2021\/11\/moonspringers-logo-fbra-211111-scaled.jpg","url":"https:\/\/www.moon-springers.com\/wp-content\/uploads\/2021\/11\/moonspringers-logo-fbra-211111-scaled.jpg","contentUrl":"https:\/\/www.moon-springers.com\/wp-content\/uploads\/2021\/11\/moonspringers-logo-fbra-211111-scaled.jpg","width":2550,"height":2560,"caption":"gmcsilla"},"logo":{"@id":"https:\/\/www.moon-springers.com\/wp-content\/uploads\/2021\/11\/moonspringers-logo-fbra-211111-scaled.jpg"},"sameAs":["http:\/\/www.moon-springers.com","https:\/\/www.facebook.com\/MoonSpringers"]}]}},"_links":{"self":[{"href":"https:\/\/www.moon-springers.com\/en\/wp-json\/wp\/v2\/pages\/104","targetHints":{"allow":["GET"]}}],"collection":[{"href":"https:\/\/www.moon-springers.com\/en\/wp-json\/wp\/v2\/pages"}],"about":[{"href":"https:\/\/www.moon-springers.com\/en\/wp-json\/wp\/v2\/types\/page"}],"author":[{"embeddable":true,"href":"https:\/\/www.moon-springers.com\/en\/wp-json\/wp\/v2\/users\/1"}],"replies":[{"embeddable":true,"href":"https:\/\/www.moon-springers.com\/en\/wp-json\/wp\/v2\/comments?post=104"}],"version-history":[{"count":11,"href":"https:\/\/www.moon-springers.com\/en\/wp-json\/wp\/v2\/pages\/104\/revisions"}],"predecessor-version":[{"id":830,"href":"https:\/\/www.moon-springers.com\/en\/wp-json\/wp\/v2\/pages\/104\/revisions\/830"}],"wp:attachment":[{"href":"https:\/\/www.moon-springers.com\/en\/wp-json\/wp\/v2\/media?parent=104"}],"curies":[{"name":"wp","href":"https:\/\/api.w.org\/{rel}","templated":true}]}}